{"id":701,"date":"2023-03-21T11:31:33","date_gmt":"2023-03-21T10:31:33","guid":{"rendered":"http:\/\/festivalpalindrome.fr\/?page_id=701"},"modified":"2023-05-06T17:29:56","modified_gmt":"2023-05-06T15:29:56","slug":"dimanche-6-juin-2-2","status":"publish","type":"page","link":"https:\/\/festivalpalindrome.fr\/?page_id=701","title":{"rendered":"DIMANCHE 28 MAI 2023"},"content":{"rendered":"\n<div class=\"wp-block-media-text alignwide has-luminous-vivid-amber-background-color\"><figure class=\"wp-block-media-text__media\"><img loading=\"lazy\" decoding=\"async\" width=\"1024\" height=\"768\" src=\"http:\/\/festivalpalindrome.fr\/wp-content\/uploads\/2022\/04\/Visuel-ateliers-1024x768.jpg\" alt=\"\" class=\"wp-image-485\" srcset=\"https:\/\/festivalpalindrome.fr\/wp-content\/uploads\/2022\/04\/Visuel-ateliers-1024x768.jpg 1024w, https:\/\/festivalpalindrome.fr\/wp-content\/uploads\/2022\/04\/Visuel-ateliers-300x225.jpg 300w, https:\/\/festivalpalindrome.fr\/wp-content\/uploads\/2022\/04\/Visuel-ateliers-768x576.jpg 768w\" sizes=\"auto, (max-width: 767px) 89vw, (max-width: 1000px) 54vw, (max-width: 1071px) 543px, 580px\" \/><\/figure><div class=\"wp-block-media-text__content\">\n<h1 class=\"wp-block-heading\" style=\"text-align:center\" id=\"Dim-ATELIER\"><strong>LE MATIN<br>Atelier<\/strong><\/h1>\n<\/div><\/div>\n\n\n\n<h3 class=\"wp-block-heading\" style=\"text-align:center\"><strong>THEATRE&nbsp;D&#8217;OBJETS<\/strong><\/h3>\n\n\n\n<h6 class=\"wp-block-heading\" style=\"text-align:center\"> <br>avec Emili HUFFNAGEL (<a href=\"http:\/\/turaktheatre.canalblog.com\/\">Turak Th\u00e9\u00e2tre<\/a>)<br>Dimanche 28 Mai, 9h30-12h00&nbsp;: \u00e0 partir de 9 ans<br>12 participants maximum : r\u00e9servation conseill\u00e9e<br>Salle Beldina <\/h6>\n\n\n\n<p>  <br>La Turakie est un pays qui n\u2019existe sur aucune carte du monde mais qui peut prendre forme dans l\u2019imaginaire de chacun par la mise en jeu d\u00e9cal\u00e9e de quelques objets et formes ordinaires.<br>Pr\u00e9voyons quelques heures pour visiter la Turakie de l\u2019int\u00e9rieur. Inventons un stage comme un visa et tentons de pratiquer un peu ce dr\u00f4le de th\u00e9\u00e2tre fait d\u2019objets et d\u2019\u00e9tranges personnages mis en mouvement dans nos spectacles.<br>Nous commencerons par un apprentissage des techniques de manipulation de ces marionnettes taille humaine puis travaillerons \u00e0 l\u2019\u00e9laboration et la construction<br>d\u2019un vocabulaire gestuel avec ces personnages sans mots et enfin on se risquera \u00e0 des improvisations. Toutes ces \u00e9tapes nous permettront de construire quelques petits \u00e9pisodes de cette extraordinaire vie quotidienne de la Turakie d\u2019aujourd\u2019hui. <\/p>\n\n\n\n<p style=\"text-align:center\" class=\"has-text-color has-very-dark-gray-color\"><font color=\"#191e23\"><span style=\"background-color: rgb(232, 234, 235);\"><b>Tarif&nbsp;:&nbsp;15 euros<\/b><\/span><\/font><br><\/p>\n\n\n\n<p style=\"text-align:center\" class=\"has-background has-medium-font-size has-vivid-green-cyan-background-color\"><strong>S&#8217;INSCRIRE<\/strong><\/p>\n\n\n<p><!--StartFragment--><\/p>\n\n\n<div class=\"wp-block-media-text alignwide has-pale-cyan-blue-background-color\"><figure class=\"wp-block-media-text__media\"><img loading=\"lazy\" decoding=\"async\" width=\"760\" height=\"556\" src=\"http:\/\/festivalpalindrome.fr\/wp-content\/uploads\/2021\/05\/repas-compagnies-aeriennes-annees-60-09.jpg\" alt=\"\" class=\"wp-image-340\" srcset=\"https:\/\/festivalpalindrome.fr\/wp-content\/uploads\/2021\/05\/repas-compagnies-aeriennes-annees-60-09.jpg 760w, https:\/\/festivalpalindrome.fr\/wp-content\/uploads\/2021\/05\/repas-compagnies-aeriennes-annees-60-09-300x219.jpg 300w\" sizes=\"auto, (max-width: 706px) 89vw, (max-width: 767px) 82vw, 740px\" \/><\/figure><div class=\"wp-block-media-text__content\">\n<p style=\"font-size:27px;text-align:center\" class=\"has-background has-pale-cyan-blue-background-color\"><strong>Midi : restauration sur place (Sandwichs)<\/strong><\/p>\n<\/div><\/div>\n\n\n\n<div class=\"wp-block-media-text alignwide has-luminous-vivid-amber-background-color\"><figure class=\"wp-block-media-text__media\"><img loading=\"lazy\" decoding=\"async\" width=\"1024\" height=\"768\" src=\"http:\/\/festivalpalindrome.fr\/wp-content\/uploads\/2022\/04\/20220409_164435-1024x768.jpg\" alt=\"\" class=\"wp-image-486\" srcset=\"https:\/\/festivalpalindrome.fr\/wp-content\/uploads\/2022\/04\/20220409_164435-1024x768.jpg 1024w, https:\/\/festivalpalindrome.fr\/wp-content\/uploads\/2022\/04\/20220409_164435-300x225.jpg 300w, https:\/\/festivalpalindrome.fr\/wp-content\/uploads\/2022\/04\/20220409_164435-768x576.jpg 768w\" sizes=\"auto, (max-width: 767px) 89vw, (max-width: 1000px) 54vw, (max-width: 1071px) 543px, 580px\" \/><\/figure><div class=\"wp-block-media-text__content\">\n<h2 class=\"wp-block-heading\" style=\"text-align:center\" id=\"Dim-L'apr\u00e8s-midi\"><strong>Les jeunes en sc\u00e8ne<\/strong><\/h2>\n\n\n\n<p style=\"text-align:center\" class=\"has-text-color has-vivid-red-color\">Salle Loury <br>ENTR\u00c9E LIBRE <br><\/p>\n<\/div><\/div>\n\n\n\n<h3 class=\"wp-block-heading\" style=\"text-align:center\"><strong> 13h30 La\u00a0Dispute<\/strong><br>De  Mohamed El Khatib <\/h3>\n\n\n\n<h6 class=\"wp-block-heading\" style=\"text-align:center\">par l\u2019atelier ado des Adrets<\/h6>\n\n\n\n<p>Ici, point de marivaudages, mais une parole sans filtre \u00e0 propos des disputes conjugales, signe avant-coureur de la rupture amoureuse. Parce qu\u2019ils sont les mieux plac\u00e9s pour en parler \u2013 et pourtant souvent les moins entendus \u2013, cette installation th\u00e9\u00e2trale invite les enfants  \u00e0 livrer leurs propres points de vue.<br> <br> Au beau milieu de la d\u00e9chirure, comment vivent-ils la d\u00e9cision de leurs parents&nbsp;? Quels mots mettent-ils sur cet \u00e9v\u00e9nement crucial dans leur tout jeune parcours&nbsp;? Comment consid\u00e8rent-ils cette cassure d\u2019un engagement sentimental qu\u2019ils croyaient inconditionnel&nbsp;? L\u2019avaient-ils devin\u00e9&nbsp;? Ont-ils pris parti&nbsp;? Pi\u00e9g\u00e9s dans les ruines du d\u00e9doublement de la cellule familiale, comment eux-m\u00eames&nbsp;\u00ab&nbsp;refont-ils&nbsp;\u00bb leur(s) vie(s)&nbsp;? Quelles questions r\u00eaveraient-ils de poser \u00e0 leurs parents&nbsp;? <br>Cette fiction sur le r\u00e9el \u00e9volue sur un fil t\u00e9nu entre audace et pudeur, \u00e9motion et espi\u00e8glerie, offrant un regard in\u00e9dit sur un sujet de soci\u00e9t\u00e9 universel. <br><\/p>\n\n\n\n<h3 class=\"wp-block-heading\" style=\"text-align:center\"><strong>14h40 : Spectacle&nbsp;pro<\/strong><br>Deux pierres, par le Turak Th\u00e9\u00e2tre<br><a href=\"https:\/\/festivalpalindrome.fr\/?page_id=701\/#Dim-Spectacle-pro\">Cliquez pour plus d&#8217;infos<\/a><\/h3>\n\n\n\n<h3 class=\"wp-block-heading\" style=\"text-align:center\"><strong> 16h10 Albatros<\/strong><br>De Fabrice Melquiot<\/h3>\n\n\n\n<h6 class=\"wp-block-heading\" style=\"text-align:center\">Par l&#8217;atelier ado d&#8217;Horizons, Meylan <\/h6>\n\n\n\n<p> Casper, 12 ans, et sa copine Tite Pi\u00e8ce, 10 ans, au lieu d\u2019aller \u00e0 l\u2019\u00e9cole, regardent les voitures au carrefour et les hommes en noir sortir des voitures. Un jour que Casper est seul, le G\u00e9nie de l\u2019huile de coude appara\u00eet. Il lui annonce que dans trois jours le monde va \u00eatre d\u00e9truit et que lui, Casper, a \u00e9t\u00e9 choisi pour sauver sept personnes qui reconstruiront, apr\u00e8s le cataclysme, la vie humaine sur terre. Il n\u2019a que trois jours. Tout cela au son des grenouilles annonciatrices du d\u00e9luge. <\/p>\n\n\n\n<h3 class=\"wp-block-heading\" style=\"text-align:center\"><strong> 17h15 Manger\u00a0un\u00a0phoque<\/strong><br>De Sophie Merceron<\/h3>\n\n\n\n<h6 class=\"wp-block-heading\" style=\"text-align:center\">Par l\u2019atelier ado de l&#8217;Espace 600<\/h6>\n\n\n\n<p>\n\nLorsqu&#8217;il \u00e9tait encore petit, Picot a perdu sa m\u00e8re. Depuis il vit avec sa grande s\u0153ur et son grand fr\u00e8re, et la vie est loin d&#8217;\u00eatre dr\u00f4le. Le matin, par un froid polaire, au lieu de se rendre \u00e0 l&#8217;\u00e9cole, il prend le bus, conduit par Monsieur Gustave, un russe tr\u00e8s gentil qui aurait mang\u00e9 du phoque. Il descend au terminus et se dirige vers un zoo<br>abandonn\u00e9. On raconte qu&#8217;un jour les animaux s&#8217;en sont \u00e9chapp\u00e9s pour aller chercher ailleurs une vie meilleure. Et Picot ? Peut-il esp\u00e9rer une vie meilleure ?\n\n<\/p>\n\n\n\n<h3 class=\"wp-block-heading\" style=\"text-align:center\"><strong>18h : Spectacle&nbsp;pro<\/strong><br>Deux pierres, par le Turak Th\u00e9\u00e2tre<br>Eglise de Laval<br><a href=\"https:\/\/festivalpalindrome.fr\/?page_id=701\/#Dim-Spectacle-pro\">Cliquez pour plus d&#8217;infos<\/a><\/h3>\n\n\n\n<div class=\"wp-block-media-text alignwide has-pale-cyan-blue-background-color\"><figure class=\"wp-block-media-text__media\"><img loading=\"lazy\" decoding=\"async\" width=\"760\" height=\"760\" src=\"http:\/\/festivalpalindrome.fr\/wp-content\/uploads\/2021\/05\/repas-compagnies-aeriennes-annees-60-01.jpg\" alt=\"\" class=\"wp-image-341\" srcset=\"https:\/\/festivalpalindrome.fr\/wp-content\/uploads\/2021\/05\/repas-compagnies-aeriennes-annees-60-01.jpg 760w, https:\/\/festivalpalindrome.fr\/wp-content\/uploads\/2021\/05\/repas-compagnies-aeriennes-annees-60-01-150x150.jpg 150w, https:\/\/festivalpalindrome.fr\/wp-content\/uploads\/2021\/05\/repas-compagnies-aeriennes-annees-60-01-300x300.jpg 300w, https:\/\/festivalpalindrome.fr\/wp-content\/uploads\/2021\/05\/repas-compagnies-aeriennes-annees-60-01-100x100.jpg 100w\" sizes=\"auto, (max-width: 706px) 89vw, (max-width: 767px) 82vw, 740px\" \/><\/figure><div class=\"wp-block-media-text__content\">\n<h1 class=\"wp-block-heading\" style=\"text-align:center\" id=\"mce_0\"><strong>Soir : restauration sur place <\/strong><br><strong>(Galettes bretonnes)<\/strong><\/h1>\n\n\n\n<p style=\"text-align:center\" class=\"has-background has-medium-font-size has-luminous-vivid-orange-background-color\"><strong><a href=\"http:\/\/festivalpalindrome.fr\/?page_id=185#Repas-du-soir\">Cliquez ici pour r\u00e9server<\/a><\/strong><\/p>\n<\/div><\/div>\n\n\n\n<h3 class=\"wp-block-heading\" style=\"text-align:center\"><strong> 20H30\u00a0Normalito<\/strong><br>De Pauline SALES<\/h3>\n\n\n\n<h6 class=\"wp-block-heading\" style=\"text-align:center\">Par l\u2019atelier ado des Adrets<\/h6>\n\n\n\n<p><strong>Qu\u2019est-ce que la normalit\u00e9 apr\u00e8s tout ? Cette pi\u00e8ce nous donne \u00e0 voir le parcours initiatique de Lucas et son ouverture au monde. Une ode touchante \u00e0 l\u2019empathie et \u00e0 l\u2019amour.<\/strong><\/p>\n\n\n\n<p>L&#8217;institutrice demande \u00e0 chaque \u00e9l\u00e8ve de sa classe de CM2 d\u2019inventer son superh\u00e9ros. Lucas dessine alors Normalito le h\u00e9ros \u00ab\u2009qui rend tout le monde normaux\u2009\u00bb.<br>La rencontre de Lucas avec Iris, dr\u00f4le de gamine, et avec ses parents, va tout changer pour lui. Dans cette maison, Lucas se sent enfin chez lui ! Il fuit son foyer d\u2019accueil et retrouve Iris \u00e0 la gare ; ensemble ils rencontrent Lina, in\u00e9narrable dame pipi n\u00e9e dans un corps qui ne lui convient pas et l\u2019aventure continue\u2026<br>Dans ce geste artistique, la troupe rend sensibles nos humanit\u00e9s, \u00e9vite les poncifs et imagine un hymne \u00e0 la tol\u00e9rance doux et dr\u00f4le. <\/p>\n\n\n\n<div class=\"wp-block-media-text alignwide has-luminous-vivid-amber-background-color Specatle pro dim\" style=\"grid-template-columns:32% auto\"><figure class=\"wp-block-media-text__media\"><img loading=\"lazy\" decoding=\"async\" width=\"575\" height=\"800\" src=\"http:\/\/festivalpalindrome.fr\/wp-content\/uploads\/2023\/03\/2-PIERRES-tURAK.jpg\" alt=\"\" class=\"wp-image-704\" srcset=\"https:\/\/festivalpalindrome.fr\/wp-content\/uploads\/2023\/03\/2-PIERRES-tURAK.jpg 575w, https:\/\/festivalpalindrome.fr\/wp-content\/uploads\/2023\/03\/2-PIERRES-tURAK-216x300.jpg 216w\" sizes=\"auto, (max-width: 575px) 100vw, 575px\" \/><\/figure><div class=\"wp-block-media-text__content\">\n<h2 class=\"wp-block-heading\" style=\"text-align:center\" id=\"Dim-Spectacle-pro\">Deux pierres<br>Par le Turak Th\u00e9\u00e2tre<\/h2>\n\n\n\n<h3 class=\"wp-block-heading\" style=\"text-align:center\" id=\"Dim-L'apr\u00e8s-midi\"><strong>14h40 et 18h<\/strong><br><strong>Spectacle&nbsp;pro<\/strong><\/h3>\n<\/div><\/div>\n\n\n\n<h6 class=\"wp-block-heading\" style=\"text-align:center\"> Th\u00e9\u00e2tre d&#8217;objet<br>Tout public, \u00e0 partir de 7 ans<br>60 minutes  <br>\u00c9glise de Laval  <br>TARIF ENFANT : 8 euros<br>TARIF ADULTE : 10 euros<\/h6>\n\n\n\n<p><em>&#8221; Une brume d\u2019o\u00f9 peuvent surgir des personnages sans commune mesure avec le quotidien dont ils sont issus.&#8221;<\/em><br><br><strong>Deux Pierres<\/strong>, \u00e7a tient tout entier dans la paume d\u2019une main ou dans une bo\u00eete \u00e0 chaussures. C\u2019est une po\u00e9sie bricol\u00e9e, un m\u00e9lange impr\u00e9vu d\u2019objets us\u00e9s, exhum\u00e9s des tiroirs oubli\u00e9s, ceux que l\u2019on ne se r\u00e9sout pas \u00e0 jeter. Pinces \u00e0 linges rouill\u00e9es, bouts de ficelle enroul\u00e9s, bois flott\u00e9, noyaux sculpt\u00e9s\u2026 peuplent l\u2019imaginaire de Turak. <br>Autant d\u2019univers qui se d\u00e9roulent comme une suite de petits bavardages visuels.  <br>Fascin\u00e9 par la po\u00e9sie de ces petits assemblages improbables et par la fatigue des objets, Michel Laubu, fa\u00e7onne ici une galerie de portraits et cr\u00e9e un th\u00e9\u00e2tre d\u2019images, sorte de r\u00e9cit visuel des all\u00e9es et venues d\u2019anges et de pommes de terres \u00e9bouriff\u00e9es. <\/p>\n\n\n\n<p><iframe loading=\"lazy\" title=\"Teaser 2 &quot;Deux Pierres&quot; - Turak Th\u00e9\u00e2tre\" width=\"525\" height=\"295\" src=\"https:\/\/www.youtube.com\/embed\/i-wjjaqsth4?feature=oembed\" frameborder=\"0\" allow=\"accelerometer; autoplay; clipboard-write; encrypted-media; gyroscope; picture-in-picture; web-share\" referrerpolicy=\"strict-origin-when-cross-origin\" allowfullscreen><\/iframe><\/p>\n\n\n\n<p style=\"text-align:center\" class=\"has-background has-vivid-green-cyan-background-color\"><strong><a href=\"https:\/\/www.helloasso.com\/associations\/theatre-au-village\/evenements\/festival-palindrome-2023\">RESERVER<\/a><\/strong><\/p>\n\n\n\n<p><br><\/p>\n\n\n\n<p> <\/p>\n","protected":false},"excerpt":{"rendered":"<p>LE MATINAtelier THEATRE&nbsp;D&#8217;OBJETS avec Emili HUFFNAGEL (Turak Th\u00e9\u00e2tre)Dimanche 28 Mai, 9h30-12h00&nbsp;: \u00e0 partir de 9 ans12 participants maximum : r\u00e9servation conseill\u00e9eSalle Beldina La Turakie est un pays qui n\u2019existe sur aucune carte du monde mais qui peut prendre forme dans l\u2019imaginaire de chacun par la mise en jeu d\u00e9cal\u00e9e de quelques objets et formes ordinaires.Pr\u00e9voyons &hellip; <\/p>\n<p class=\"link-more\"><a href=\"https:\/\/festivalpalindrome.fr\/?page_id=701\" class=\"more-link\">Continuer la lecture<span class=\"screen-reader-text\"> de &laquo;&nbsp;DIMANCHE 28 MAI 2023&nbsp;&raquo;<\/span><\/a><\/p>\n","protected":false},"author":1,"featured_media":0,"parent":0,"menu_order":0,"comment_status":"closed","ping_status":"closed","template":"","meta":{"footnotes":""},"class_list":["post-701","page","type-page","status-publish","hentry"],"_links":{"self":[{"href":"https:\/\/festivalpalindrome.fr\/index.php?rest_route=\/wp\/v2\/pages\/701","targetHints":{"allow":["GET"]}}],"collection":[{"href":"https:\/\/festivalpalindrome.fr\/index.php?rest_route=\/wp\/v2\/pages"}],"about":[{"href":"https:\/\/festivalpalindrome.fr\/index.php?rest_route=\/wp\/v2\/types\/page"}],"author":[{"embeddable":true,"href":"https:\/\/festivalpalindrome.fr\/index.php?rest_route=\/wp\/v2\/users\/1"}],"replies":[{"embeddable":true,"href":"https:\/\/festivalpalindrome.fr\/index.php?rest_route=%2Fwp%2Fv2%2Fcomments&post=701"}],"version-history":[{"count":14,"href":"https:\/\/festivalpalindrome.fr\/index.php?rest_route=\/wp\/v2\/pages\/701\/revisions"}],"predecessor-version":[{"id":793,"href":"https:\/\/festivalpalindrome.fr\/index.php?rest_route=\/wp\/v2\/pages\/701\/revisions\/793"}],"wp:attachment":[{"href":"https:\/\/festivalpalindrome.fr\/index.php?rest_route=%2Fwp%2Fv2%2Fmedia&parent=701"}],"curies":[{"name":"wp","href":"https:\/\/api.w.org\/{rel}","templated":true}]}}