{"id":469,"date":"2021-10-29T11:33:52","date_gmt":"2021-10-29T09:33:52","guid":{"rendered":"http:\/\/festivalpalindrome.fr\/?page_id=469"},"modified":"2026-02-05T17:08:49","modified_gmt":"2026-02-05T16:08:49","slug":"ils-en-parlent","status":"publish","type":"page","link":"https:\/\/festivalpalindrome.fr\/?page_id=469","title":{"rendered":"LES AUTEURS EN PARLENT"},"content":{"rendered":"\n<figure class=\"wp-block-image size-large\"><img loading=\"lazy\" decoding=\"async\" width=\"1024\" height=\"576\" src=\"https:\/\/festivalpalindrome.fr\/wp-content\/uploads\/2026\/02\/HomeCV-1024x576.jpg\" alt=\"\" class=\"wp-image-1722\" srcset=\"https:\/\/festivalpalindrome.fr\/wp-content\/uploads\/2026\/02\/HomeCV-1024x576.jpg 1024w, https:\/\/festivalpalindrome.fr\/wp-content\/uploads\/2026\/02\/HomeCV-300x169.jpg 300w, https:\/\/festivalpalindrome.fr\/wp-content\/uploads\/2026\/02\/HomeCV-768x432.jpg 768w, https:\/\/festivalpalindrome.fr\/wp-content\/uploads\/2026\/02\/HomeCV.jpg 1366w\" sizes=\"auto, (max-width: 767px) 89vw, (max-width: 1000px) 54vw, (max-width: 1071px) 543px, 580px\" \/><\/figure>\n\n\n\n<div class=\"wp-block-columns is-layout-flex wp-container-core-columns-is-layout-9d6595d7 wp-block-columns-is-layout-flex\">\n<div class=\"wp-block-column is-layout-flow wp-block-column-is-layout-flow\">\n<p class=\"has-small-font-size\"><strong>Une exp\u00e9rience riche artistiquement et humainement.<br><\/strong><br>Le COVID nous a montr\u00e9 que c&#8217;est bel et bien la culture qui avait permis aux gens de tenir et de maintenir, malgr\u00e9 tout, un lien social. Le festival Palindrome, comme bien d&#8217;autres initiatives b\u00e9n\u00e9voles et rurales, l&#8217;atteste \u00e9galement. <br>La fr\u00e9quentation de l&#8217;\u00e9v\u00e8nement fait preuve de la n\u00e9cessit\u00e9 des gens et du plaisir qu&#8217;ils ont \u00e0 se retrouver autour de spectacles qui suscitent autant de d\u00e9bats que d&#8217;\u00e9motions. Le stage d&#8217;\u00e9criture a \u00e9t\u00e9 intensif et nul doute que les enfants s&#8217;en souviendront longtemps.<br>Avec Fiona, sur un temps aussi court, nous avons d\u00e9cid\u00e9 de prioriser le travail sur l&#8217;\u00e9coute, ce qui fait groupe au plateau.<\/p>\n<\/div>\n\n\n\n<div class=\"wp-block-column is-layout-flow wp-block-column-is-layout-flow\">\n<p class=\"has-small-font-size\">\u00c0 partir d&#8217;un sujet qu&#8217;ils ont choisi (la premi\u00e8re nuit qu&#8217;ils ont v\u00e9cu ensemble au campement : une nuit d&#8217;orage o\u00f9 ils ont eu peur et o\u00f9 ils se sont aussi amus\u00e9s \u00e0 se faire peur), nous avons improvis\u00e9 ; puis avons con\u00e7u un canevas de spectacle \u00e0 partir de ces improvisations. Improviser, recommencer, affiner les impros en s&#8217;\u00e9coutant les uns les autres, en se rattrapant les uns les autres, \u00e9quilibrer l&#8217;espace, autant de valeurs qui nous semblaient essentielles sur un temps aussi court.<br><br>Nous les avons vu, dans l&#8217;urgence, grandir, c&#8217;est-\u00e0-dire prendre des responsabilit\u00e9s, \u00eatre audacieux, force de proposition, d\u00e9passer leur fatigue, s&#8217;occuper les uns des autres pour faire groupe et faire en sorte que le spectacle sorte et honore la cl\u00f4ture du festival.<\/p>\n<\/div>\n<\/div>\n\n\n\n<figure class=\"wp-block-image\"><img loading=\"lazy\" decoding=\"async\" width=\"1024\" height=\"576\" src=\"https:\/\/festivalpalindrome.fr\/wp-content\/uploads\/2024\/11\/Home-1024x576.png\" alt=\"\" class=\"wp-image-1337\" srcset=\"https:\/\/festivalpalindrome.fr\/wp-content\/uploads\/2024\/11\/Home-1024x576.png 1024w, https:\/\/festivalpalindrome.fr\/wp-content\/uploads\/2024\/11\/Home-300x169.png 300w, https:\/\/festivalpalindrome.fr\/wp-content\/uploads\/2024\/11\/Home-768x432.png 768w, https:\/\/festivalpalindrome.fr\/wp-content\/uploads\/2024\/11\/Home.png 1366w\" sizes=\"auto, (max-width: 767px) 89vw, (max-width: 1000px) 54vw, (max-width: 1071px) 543px, 580px\" \/><\/figure>\n\n\n\n<div class=\"wp-block-columns is-layout-flex wp-container-core-columns-is-layout-9d6595d7 wp-block-columns-is-layout-flex\">\n<div class=\"wp-block-column is-layout-flow wp-block-column-is-layout-flow\">\n<p class=\"has-small-font-size\">\u00catre marraine de l\u2019\u00e9dition 2024 du festival de th\u00e9\u00e2tre jeunesse \u00ab Palindrome \u00bb \u00e0 Laval en Belledonne ce fut : des ados en pagaille, des actrices et des acteurs en devenir, des rencontres \u00e0 foison, des textes de th\u00e9\u00e2tre contemporain jeunesse \u00e0 (re)d\u00e9couvrir.<br><br>Ce fut un \u00ab kolok \u00bb en comit\u00e9 restreint et n\u00e9anmoins tout \u00e0 fait int\u00e9ressant sous la houlette de Marie Bernanoce, une chaussure \u00e0 son pied (Th\u00e9\u00e2tre Turak), un petit poucet toujours aussi gaillard (cie pour ainsi dire), de la pluie, du soleil, des sommets en ligne de mire, de la val\u00e9riane en veux-tu en voil\u00e0 au bord des chemins, ce fut une vie de ch\u00e2teau de Gordes, en compagnie du camarade Pierrot, pr\u00eate-moi ta plume pour \u00e9crire tes maux.<\/p>\n<\/div>\n\n\n\n<div class=\"wp-block-column is-layout-flow wp-block-column-is-layout-flow\">\n<p class=\"has-small-font-size\">Ce fut aussi et peut-\u00eatre surtout une \u00e9quipe de b\u00e9n\u00e9voles fantastiques et m\u00eame la rencontre du clan Dorin, presque au complet (quel plaisir !).<\/p>\n\n\n\n<p class=\"has-small-font-size\">Merci \u00e0 vous toutes et tous de cette tr\u00e8s belle invitation ! Et que le festival poursuive sa joyeuse course !<\/p>\n<\/div>\n<\/div>\n\n\n\n<hr class=\"wp-block-separator has-alpha-channel-opacity\"\/>\n\n\n\n<figure class=\"wp-block-image\"><img loading=\"lazy\" decoding=\"async\" width=\"1024\" height=\"576\" src=\"http:\/\/festivalpalindrome.fr\/wp-content\/uploads\/2023\/06\/Home-1024x576.png\" alt=\"\" class=\"wp-image-828\" srcset=\"https:\/\/festivalpalindrome.fr\/wp-content\/uploads\/2023\/06\/Home-1024x576.png 1024w, https:\/\/festivalpalindrome.fr\/wp-content\/uploads\/2023\/06\/Home-300x169.png 300w, https:\/\/festivalpalindrome.fr\/wp-content\/uploads\/2023\/06\/Home-768x432.png 768w, https:\/\/festivalpalindrome.fr\/wp-content\/uploads\/2023\/06\/Home.png 1366w\" sizes=\"auto, (max-width: 767px) 89vw, (max-width: 1000px) 54vw, (max-width: 1071px) 543px, 580px\" \/><\/figure>\n\n\n\n<div class=\"wp-block-columns is-layout-flex wp-container-core-columns-is-layout-9d6595d7 wp-block-columns-is-layout-flex\">\n<div class=\"wp-block-column is-layout-flow wp-block-column-is-layout-flow\">\n<p class=\"has-small-font-size\">Merci \u00e0 l\u2019\u00e9quipe du festival Palindrome pour ces trois journ\u00e9es de th\u00e9\u00e2tre.<br>Merci bien s\u00fbr de m\u2019avoir invit\u00e9 \u00e0 parrainer cette \u00e9dition, mais merci surtout pour votre engagement \u00e0 faire que ces moments intenses pour les enfants existent. C\u2019est formidable de voir tous ces gamins se pr\u00e9parer, avoir le trac, jouer devant d\u2019autres enfants\u2026 et des adultes ! Jouer, c\u2019est assez fort, mais voir jouer les autres, c\u2019est pas mal non plus.<br><br>Je suis ravi \u00e9galement de mon petit groupe d\u2019\u00e9criture, que des filles, qui en peu de temps ont su produire du th\u00e9\u00e2tre et le jouer. Encore bravo \u00e0 elles.<\/p>\n<\/div>\n\n\n\n<div class=\"wp-block-column is-layout-flow wp-block-column-is-layout-flow\">\n<p class=\"has-small-font-size\">J\u2019aime bien aussi l\u2019id\u00e9e que les gamins viennent camper avec leurs tentes sur l\u2019herbe is\u00e9roise. <br>Ces trois jours ressemblent pas mal \u00e0 des vacances. Vacances \u00e0 la campagne, sous grand soleil, on se r\u00e9gale, on se rigole, mais avec le plus grand s\u00e9rieux ! <br><br>Ben oui, le th\u00e9\u00e2tre c\u2019est pas grave, mais c\u2019est quand m\u00eame s\u00e9rieux. Pour ces enfants, j\u2019ai l\u2019impression que ce temps pris dans le temps ressemble fort \u00e0 une parenth\u00e8se enchant\u00e9e. Pour qu\u2019elles existent, ces parenth\u00e8ses, y a pas \u00e0 tortiller, on a besoin d\u2019adultes g\u00e9n\u00e9reux qui croient en l\u2019enfance debout.<br>Merci \u00e0 vous.<\/p>\n<\/div>\n<\/div>\n\n\n\n<hr class=\"wp-block-separator has-alpha-channel-opacity\"\/>\n\n\n\n<figure class=\"wp-block-image\"><img loading=\"lazy\" decoding=\"async\" width=\"1024\" height=\"576\" src=\"https:\/\/festivalpalindrome.fr\/wp-content\/uploads\/2022\/10\/Site-Web-Entreprise-B2B-Entreprise-\u00c9l\u00e9gant-et-Simple-Noir-et-Beige-1024x576.png\" alt=\"\" class=\"wp-image-641\" srcset=\"https:\/\/festivalpalindrome.fr\/wp-content\/uploads\/2022\/10\/Site-Web-Entreprise-B2B-Entreprise-\u00c9l\u00e9gant-et-Simple-Noir-et-Beige-1024x576.png 1024w, https:\/\/festivalpalindrome.fr\/wp-content\/uploads\/2022\/10\/Site-Web-Entreprise-B2B-Entreprise-\u00c9l\u00e9gant-et-Simple-Noir-et-Beige-300x169.png 300w, https:\/\/festivalpalindrome.fr\/wp-content\/uploads\/2022\/10\/Site-Web-Entreprise-B2B-Entreprise-\u00c9l\u00e9gant-et-Simple-Noir-et-Beige-768x432.png 768w, https:\/\/festivalpalindrome.fr\/wp-content\/uploads\/2022\/10\/Site-Web-Entreprise-B2B-Entreprise-\u00c9l\u00e9gant-et-Simple-Noir-et-Beige.png 1366w\" sizes=\"auto, (max-width: 767px) 89vw, (max-width: 1000px) 54vw, (max-width: 1071px) 543px, 580px\" \/><\/figure>\n\n\n\n<div class=\"wp-block-columns is-layout-flex wp-container-core-columns-is-layout-9d6595d7 wp-block-columns-is-layout-flex\">\n<div class=\"wp-block-column is-layout-flow wp-block-column-is-layout-flow\">\n<p class=\"has-small-font-size\">J\u2019ai \u00e9t\u00e9 tr\u00e8s heureux de participer en tant que parrain \u00e0 l\u2019\u00e9dition 2022 du festival Palindrome. Ce fut un tr\u00e8s agr\u00e9able moment dans ce petit village \u00e0 la rencontre de ses habitants. Tout au long de la journ\u00e9e j\u2019ai pu assister \u00e0 des spectacles donn\u00e9s par les jeunes qui se sont empar\u00e9s des textes du r\u00e9pertoire jeunesse avec beaucoup d\u2019entrain et de plaisir. <\/p>\n<\/div>\n\n\n\n<div class=\"wp-block-column is-layout-flow wp-block-column-is-layout-flow\">\n<p class=\"has-small-font-size\">Le soir, une repr\u00e9sentation professionnelle a eu lieue dans la petite chapelle du village. Des d\u00e9bats, des \u00e9changes, du partage, des moments festifs, une ambiance familiale et chaleureuse, bravo \u00e0 toute l\u2019\u00e9quipe pour cette organisation !<\/p>\n<\/div>\n<\/div>\n\n\n\n<hr class=\"wp-block-separator has-alpha-channel-opacity\"\/>\n\n\n\n<figure class=\"wp-block-image\"><img loading=\"lazy\" decoding=\"async\" width=\"1024\" height=\"576\" src=\"https:\/\/festivalpalindrome.fr\/wp-content\/uploads\/2022\/10\/D-Richard-1024x576.png\" alt=\"\" class=\"wp-image-643\" srcset=\"https:\/\/festivalpalindrome.fr\/wp-content\/uploads\/2022\/10\/D-Richard-1024x576.png 1024w, https:\/\/festivalpalindrome.fr\/wp-content\/uploads\/2022\/10\/D-Richard-300x169.png 300w, https:\/\/festivalpalindrome.fr\/wp-content\/uploads\/2022\/10\/D-Richard-768x432.png 768w, https:\/\/festivalpalindrome.fr\/wp-content\/uploads\/2022\/10\/D-Richard.png 1366w\" sizes=\"auto, (max-width: 767px) 89vw, (max-width: 1000px) 54vw, (max-width: 1071px) 543px, 580px\" \/><\/figure>\n\n\n\n<div class=\"wp-block-columns is-layout-flex wp-container-core-columns-is-layout-9d6595d7 wp-block-columns-is-layout-flex\">\n<div class=\"wp-block-column is-layout-flow wp-block-column-is-layout-flow\">\n<p class=\"has-small-font-size\">Palindrome, un week-end de d\u00e9couverte, de rencontre et de rire\u2026<br><br>Ce fut un grand plaisir de participer au festival Palindrome en 2021 et un honneur d\u2019y \u00eatre invit\u00e9 en tant qu\u2019auteur. C\u2019est un beau festival et un magnifique moment de partage et d\u2019\u00e9change, de rencontre et de d\u00e9couverte. J\u2019ai pu voir des groupes de jeunes s\u2019emparer de textes du r\u00e9pertoire contemporain jeunesse avec enthousiasme, invention, humour et engagement. <br>Tout le travail de l\u2019ann\u00e9e a pu rencontrer un public<br>chaleureux et curieux, divers et familial. Il y a encore malheureusement assez peu de manifestations qui d\u00e9fendent le r\u00e9pertoire th\u00e9\u00e2tral jeunesse, \u00e0 fortiori dans les petites communes. Celui-ci est un moment festif et exigeant, avec des propositions th\u00e9\u00e2trales vari\u00e9es : spectacles amateurs, propositions professionnelles, rencontres et discussions, lectures\u2026 <\/p>\n<\/div>\n\n\n\n<div class=\"wp-block-column is-layout-flow wp-block-column-is-layout-flow\">\n<p class=\"has-small-font-size\">Cette diversit\u00e9 et cette richesse permet aux jeunes et au public adulte de d\u00e9couvrir ce r\u00e9pertoire encore trop m\u00e9connu, d\u2019y plonger gr\u00e2ce \u00e0 la venue d\u2019un auteur et la mise en avant de plusieurs de ses textes, d\u2019entrer dans son univers et d\u2019\u00e9changer sur son parcours artistique et sa d\u00e9marche, de se glisser dans le monde du th\u00e9\u00e2tre jeunesse et de ses \u00e9critures, dans ce r\u00e9pertoire encore jeune mais en plein \u00e9panouissement.<br><br>J\u2019apporte tout mon soutien \u00e0 Palindrome, ce nouveau festival qui ne demande qu\u2019\u00e0 grandir, pour faire se rencontrer tous ceux qui d\u00e9fendent le th\u00e9\u00e2tre<br>jeunesse, le cr\u00e9ent, le jouent, le partagent\u2026<\/p>\n<\/div>\n<\/div>\n\n\n\n<div class=\"wp-block-columns is-layout-flex wp-container-core-columns-is-layout-9d6595d7 wp-block-columns-is-layout-flex\">\n<div class=\"wp-block-column is-layout-flow wp-block-column-is-layout-flow\"><\/div>\n\n\n\n<div class=\"wp-block-column is-layout-flow wp-block-column-is-layout-flow\"><\/div>\n<\/div>\n","protected":false},"excerpt":{"rendered":"<p>Une exp\u00e9rience riche artistiquement et humainement.Le COVID nous a montr\u00e9 que c&#8217;est bel et bien la culture qui avait permis aux gens de tenir et de maintenir, malgr\u00e9 tout, un lien social. Le festival Palindrome, comme bien d&#8217;autres initiatives b\u00e9n\u00e9voles et rurales, l&#8217;atteste \u00e9galement. La fr\u00e9quentation de l&#8217;\u00e9v\u00e8nement fait preuve de la n\u00e9cessit\u00e9 des gens &hellip; <\/p>\n<p class=\"link-more\"><a href=\"https:\/\/festivalpalindrome.fr\/?page_id=469\" class=\"more-link\">Continuer la lecture<span class=\"screen-reader-text\"> de &laquo;&nbsp;LES AUTEURS EN PARLENT&nbsp;&raquo;<\/span><\/a><\/p>\n","protected":false},"author":1,"featured_media":0,"parent":0,"menu_order":0,"comment_status":"closed","ping_status":"closed","template":"","meta":{"footnotes":""},"class_list":["post-469","page","type-page","status-publish","hentry"],"_links":{"self":[{"href":"https:\/\/festivalpalindrome.fr\/index.php?rest_route=\/wp\/v2\/pages\/469","targetHints":{"allow":["GET"]}}],"collection":[{"href":"https:\/\/festivalpalindrome.fr\/index.php?rest_route=\/wp\/v2\/pages"}],"about":[{"href":"https:\/\/festivalpalindrome.fr\/index.php?rest_route=\/wp\/v2\/types\/page"}],"author":[{"embeddable":true,"href":"https:\/\/festivalpalindrome.fr\/index.php?rest_route=\/wp\/v2\/users\/1"}],"replies":[{"embeddable":true,"href":"https:\/\/festivalpalindrome.fr\/index.php?rest_route=%2Fwp%2Fv2%2Fcomments&post=469"}],"version-history":[{"count":20,"href":"https:\/\/festivalpalindrome.fr\/index.php?rest_route=\/wp\/v2\/pages\/469\/revisions"}],"predecessor-version":[{"id":1723,"href":"https:\/\/festivalpalindrome.fr\/index.php?rest_route=\/wp\/v2\/pages\/469\/revisions\/1723"}],"wp:attachment":[{"href":"https:\/\/festivalpalindrome.fr\/index.php?rest_route=%2Fwp%2Fv2%2Fmedia&parent=469"}],"curies":[{"name":"wp","href":"https:\/\/api.w.org\/{rel}","templated":true}]}}