{"id":2,"date":"2020-04-05T01:50:17","date_gmt":"2020-04-04T23:50:17","guid":{"rendered":"http:\/\/festivalpalindrome.fr\/?page_id=2"},"modified":"2026-01-15T14:29:38","modified_gmt":"2026-01-15T13:29:38","slug":"page-d-exemple","status":"publish","type":"page","link":"https:\/\/festivalpalindrome.fr\/","title":{"rendered":""},"content":{"rendered":"\n<h1 class=\"wp-block-heading has-text-align-center\">Palindrome revient les 23-24 et 25 Mai 2026 !<br><\/h1>\n\n\n\n\n\n<p class=\"has-text-align-center\">L<em>e parrain de l&#8217;\u00e9dition sera:<br><\/em>Sylvain LEVEY<\/p>\n\n\n\n<hr class=\"wp-block-separator has-css-opacity\"\/>\n\n\n\n<h1 class=\"wp-block-heading has-text-align-center\">Mais au fait ? Pourquoi Palindrome ?<\/h1>\n\n\n\n<hr class=\"wp-block-separator has-css-opacity\"\/>\n\n\n\n<h3 class=\"wp-block-heading has-text-align-center\">Palindrome (n.m.) : \ufeffSe dit d&#8217;un mot ou d&#8217;un groupe de mots que l&#8217;on peut lire dans les deux sens.<\/h3>\n\n\n\n<p class=\"has-text-align-center\"><em><strong>R\u00eaver<\/strong><\/em>,<br>\u00e0 gauche, \u00e0 droite, et de droite \u00e0 gauche. <br>Un mot qui peut tourner en rond si on lui cl\u00f4ture l\u2019horizon. <br>Qu\u2019on peut <em><strong>ressasser<\/strong><\/em>, dans ces temps qui valsent et qui colmatent les fuites. <br>Mais si, justement, on laissait ouverts tous ces appels d\u2019air&nbsp;? <br>Et si, justement, on d\u00e9roulait le monde plus loin que sa r\u00e9volution&nbsp;? <br>Tapis rouge pour la jeunesse et ses id\u00e9aux&nbsp;!  <br>Briquons les planches pour lui faire th\u00e9\u00e2tre et ouvrons <em>festival <\/em>pour lib\u00e9rer son imaginaire&nbsp;! <br>Appelons-le \u00ab&nbsp;Palindrome&nbsp;\u00bb, pour rappeler qu\u2019\u00e0 toute boucle, l\u2019art et l\u2019enfance sont la porte de sortie. <br>Et, simplement, en guise de lieu et d\u2019encouragement, donnons-lui <br><em><strong>Laval <\/strong><\/em><\/p>\n","protected":false},"excerpt":{"rendered":"<p>Palindrome revient les 23-24 et 25 Mai 2026 ! Le parrain de l&#8217;\u00e9dition sera:Sylvain LEVEY Mais au fait ? Pourquoi Palindrome ? Palindrome (n.m.) : \ufeffSe dit d&#8217;un mot ou d&#8217;un groupe de mots que l&#8217;on peut lire dans les deux sens. R\u00eaver,\u00e0 gauche, \u00e0 droite, et de droite \u00e0 gauche. Un mot qui peut &hellip; <\/p>\n<p class=\"link-more\"><a href=\"https:\/\/festivalpalindrome.fr\/\" class=\"more-link\">Continuer la lecture<span class=\"screen-reader-text\"> de &laquo;&nbsp;&nbsp;&raquo;<\/span><\/a><\/p>\n","protected":false},"author":1,"featured_media":0,"parent":0,"menu_order":0,"comment_status":"closed","ping_status":"closed","template":"","meta":{"footnotes":""},"class_list":["post-2","page","type-page","status-publish","hentry"],"_links":{"self":[{"href":"https:\/\/festivalpalindrome.fr\/index.php?rest_route=\/wp\/v2\/pages\/2","targetHints":{"allow":["GET"]}}],"collection":[{"href":"https:\/\/festivalpalindrome.fr\/index.php?rest_route=\/wp\/v2\/pages"}],"about":[{"href":"https:\/\/festivalpalindrome.fr\/index.php?rest_route=\/wp\/v2\/types\/page"}],"author":[{"embeddable":true,"href":"https:\/\/festivalpalindrome.fr\/index.php?rest_route=\/wp\/v2\/users\/1"}],"replies":[{"embeddable":true,"href":"https:\/\/festivalpalindrome.fr\/index.php?rest_route=%2Fwp%2Fv2%2Fcomments&post=2"}],"version-history":[{"count":104,"href":"https:\/\/festivalpalindrome.fr\/index.php?rest_route=\/wp\/v2\/pages\/2\/revisions"}],"predecessor-version":[{"id":1620,"href":"https:\/\/festivalpalindrome.fr\/index.php?rest_route=\/wp\/v2\/pages\/2\/revisions\/1620"}],"wp:attachment":[{"href":"https:\/\/festivalpalindrome.fr\/index.php?rest_route=%2Fwp%2Fv2%2Fmedia&parent=2"}],"curies":[{"name":"wp","href":"https:\/\/api.w.org\/{rel}","templated":true}]}}