{"id":185,"date":"2021-04-19T10:55:56","date_gmt":"2021-04-19T08:55:56","guid":{"rendered":"http:\/\/festivalpalindrome.fr\/?page_id=185"},"modified":"2024-04-15T15:32:47","modified_gmt":"2024-04-15T13:32:47","slug":"tarifs","status":"publish","type":"page","link":"https:\/\/festivalpalindrome.fr\/?page_id=185","title":{"rendered":"Tarifs 2024"},"content":{"rendered":"\n<p>Le festival propose diff\u00e9rents tarifs afin de rendre la culture accessible \u00e0 tous. Votre participation est vitale et n\u00e9cessaire. Nous comptons sur vous!<\/p>\n\n\n\n<h2 class=\"wp-block-heading\" style=\"text-align:center\">Spectacles : prix au choix<\/h2>\n\n\n\n<div class=\"wp-block-image\"><figure class=\"aligncenter is-resized\"><img loading=\"lazy\" decoding=\"async\" src=\"http:\/\/festivalpalindrome.fr\/wp-content\/uploads\/2024\/04\/Taification-solidaire-1024x732.png\" alt=\"\" class=\"wp-image-1087\" width=\"560\" height=\"399\" srcset=\"https:\/\/festivalpalindrome.fr\/wp-content\/uploads\/2024\/04\/Taification-solidaire-1024x732.png 1024w, https:\/\/festivalpalindrome.fr\/wp-content\/uploads\/2024\/04\/Taification-solidaire-300x214.png 300w, https:\/\/festivalpalindrome.fr\/wp-content\/uploads\/2024\/04\/Taification-solidaire-768x549.png 768w, https:\/\/festivalpalindrome.fr\/wp-content\/uploads\/2024\/04\/Taification-solidaire.png 2000w\" sizes=\"auto, (max-width: 560px) 100vw, 560px\" \/><\/figure><\/div>\n\n\n\n<h2 class=\"wp-block-heading\" style=\"text-align:center\">Ateliers et repas : prix fixes<\/h2>\n\n\n\n<div class=\"wp-block-image\"><figure class=\"aligncenter is-resized\"><img loading=\"lazy\" decoding=\"async\" src=\"http:\/\/festivalpalindrome.fr\/wp-content\/uploads\/2024\/04\/tarification-fixe-3-1024x732.png\" alt=\"\" class=\"wp-image-1090\" width=\"572\" height=\"408\" srcset=\"https:\/\/festivalpalindrome.fr\/wp-content\/uploads\/2024\/04\/tarification-fixe-3-1024x732.png 1024w, https:\/\/festivalpalindrome.fr\/wp-content\/uploads\/2024\/04\/tarification-fixe-3-300x214.png 300w, https:\/\/festivalpalindrome.fr\/wp-content\/uploads\/2024\/04\/tarification-fixe-3-768x549.png 768w, https:\/\/festivalpalindrome.fr\/wp-content\/uploads\/2024\/04\/tarification-fixe-3.png 2000w\" sizes=\"auto, (max-width: 572px) 100vw, 572px\" \/><\/figure><\/div>\n","protected":false},"excerpt":{"rendered":"<p>Le festival propose diff\u00e9rents tarifs afin de rendre la culture accessible \u00e0 tous. Votre participation est vitale et n\u00e9cessaire. Nous comptons sur vous! Spectacles : prix au choix Ateliers et repas : prix fixes<\/p>\n","protected":false},"author":1,"featured_media":0,"parent":0,"menu_order":0,"comment_status":"closed","ping_status":"closed","template":"","meta":{"footnotes":""},"class_list":["post-185","page","type-page","status-publish","hentry"],"_links":{"self":[{"href":"https:\/\/festivalpalindrome.fr\/index.php?rest_route=\/wp\/v2\/pages\/185","targetHints":{"allow":["GET"]}}],"collection":[{"href":"https:\/\/festivalpalindrome.fr\/index.php?rest_route=\/wp\/v2\/pages"}],"about":[{"href":"https:\/\/festivalpalindrome.fr\/index.php?rest_route=\/wp\/v2\/types\/page"}],"author":[{"embeddable":true,"href":"https:\/\/festivalpalindrome.fr\/index.php?rest_route=\/wp\/v2\/users\/1"}],"replies":[{"embeddable":true,"href":"https:\/\/festivalpalindrome.fr\/index.php?rest_route=%2Fwp%2Fv2%2Fcomments&post=185"}],"version-history":[{"count":26,"href":"https:\/\/festivalpalindrome.fr\/index.php?rest_route=\/wp\/v2\/pages\/185\/revisions"}],"predecessor-version":[{"id":1094,"href":"https:\/\/festivalpalindrome.fr\/index.php?rest_route=\/wp\/v2\/pages\/185\/revisions\/1094"}],"wp:attachment":[{"href":"https:\/\/festivalpalindrome.fr\/index.php?rest_route=%2Fwp%2Fv2%2Fmedia&parent=185"}],"curies":[{"name":"wp","href":"https:\/\/api.w.org\/{rel}","templated":true}]}}