{"id":183,"date":"2021-04-19T10:55:45","date_gmt":"2021-04-19T08:55:45","guid":{"rendered":"http:\/\/festivalpalindrome.fr\/?page_id=183"},"modified":"2024-04-02T08:41:45","modified_gmt":"2024-04-02T06:41:45","slug":"venir-a-laval","status":"publish","type":"page","link":"https:\/\/festivalpalindrome.fr\/?page_id=183","title":{"rendered":"Venir \u00e0 Laval"},"content":{"rendered":"\n<figure class=\"wp-block-image\"><img loading=\"lazy\" decoding=\"async\" width=\"1024\" height=\"727\" src=\"http:\/\/festivalpalindrome.fr\/wp-content\/uploads\/2021\/04\/Coordonn\u00e9es-GPS-_-X_-45.25-Y_-5.93333-1024x727.jpg\" alt=\"\" class=\"wp-image-222\" srcset=\"https:\/\/festivalpalindrome.fr\/wp-content\/uploads\/2021\/04\/Coordonn\u00e9es-GPS-_-X_-45.25-Y_-5.93333-1024x727.jpg 1024w, https:\/\/festivalpalindrome.fr\/wp-content\/uploads\/2021\/04\/Coordonn\u00e9es-GPS-_-X_-45.25-Y_-5.93333-300x213.jpg 300w, https:\/\/festivalpalindrome.fr\/wp-content\/uploads\/2021\/04\/Coordonn\u00e9es-GPS-_-X_-45.25-Y_-5.93333-768x545.jpg 768w, https:\/\/festivalpalindrome.fr\/wp-content\/uploads\/2021\/04\/Coordonn\u00e9es-GPS-_-X_-45.25-Y_-5.93333.jpg 1747w\" sizes=\"auto, (max-width: 767px) 89vw, (max-width: 1000px) 54vw, (max-width: 1071px) 543px, 580px\" \/><\/figure>\n\n\n\n<p><strong> Depuis Grenoble <\/strong><br><\/p>\n\n\n\n<p>Prendre\u00a0l&#8217;A41 direction Chamb\u00e9ry, sortie 24B direction Brignoud puis suivre Laval-en Belledonne <\/p>\n\n\n\n<p><strong>Depuis Tombouctou, <\/strong>atterrir \u00e0 l&#8217;a\u00e9rodrome du Versoud puis continuer en trottinette direction Laval. (s&#8217;y prendre en avance)<\/p>\n\n\n\n<p><strong>Depuis plus loin, <\/strong>voir avec Thomas Pesquet<\/p>\n\n\n\n<figure class=\"wp-block-image\"><img loading=\"lazy\" decoding=\"async\" width=\"540\" height=\"482\" src=\"http:\/\/festivalpalindrome.fr\/wp-content\/uploads\/2024\/04\/Laval-from-space.jpg\" alt=\"\" class=\"wp-image-978\" srcset=\"https:\/\/festivalpalindrome.fr\/wp-content\/uploads\/2024\/04\/Laval-from-space.jpg 540w, https:\/\/festivalpalindrome.fr\/wp-content\/uploads\/2024\/04\/Laval-from-space-300x268.jpg 300w\" sizes=\"auto, (max-width: 540px) 100vw, 540px\" \/><\/figure>\n","protected":false},"excerpt":{"rendered":"<p>Depuis Grenoble Prendre\u00a0l&#8217;A41 direction Chamb\u00e9ry, sortie 24B direction Brignoud puis suivre Laval-en Belledonne Depuis Tombouctou, atterrir \u00e0 l&#8217;a\u00e9rodrome du Versoud puis continuer en trottinette direction Laval. (s&#8217;y prendre en avance) Depuis plus loin, voir avec Thomas Pesquet<\/p>\n","protected":false},"author":1,"featured_media":0,"parent":0,"menu_order":0,"comment_status":"closed","ping_status":"closed","template":"","meta":{"footnotes":""},"class_list":["post-183","page","type-page","status-publish","hentry"],"_links":{"self":[{"href":"https:\/\/festivalpalindrome.fr\/index.php?rest_route=\/wp\/v2\/pages\/183","targetHints":{"allow":["GET"]}}],"collection":[{"href":"https:\/\/festivalpalindrome.fr\/index.php?rest_route=\/wp\/v2\/pages"}],"about":[{"href":"https:\/\/festivalpalindrome.fr\/index.php?rest_route=\/wp\/v2\/types\/page"}],"author":[{"embeddable":true,"href":"https:\/\/festivalpalindrome.fr\/index.php?rest_route=\/wp\/v2\/users\/1"}],"replies":[{"embeddable":true,"href":"https:\/\/festivalpalindrome.fr\/index.php?rest_route=%2Fwp%2Fv2%2Fcomments&post=183"}],"version-history":[{"count":6,"href":"https:\/\/festivalpalindrome.fr\/index.php?rest_route=\/wp\/v2\/pages\/183\/revisions"}],"predecessor-version":[{"id":979,"href":"https:\/\/festivalpalindrome.fr\/index.php?rest_route=\/wp\/v2\/pages\/183\/revisions\/979"}],"wp:attachment":[{"href":"https:\/\/festivalpalindrome.fr\/index.php?rest_route=%2Fwp%2Fv2%2Fmedia&parent=183"}],"curies":[{"name":"wp","href":"https:\/\/api.w.org\/{rel}","templated":true}]}}