{"id":1694,"date":"2026-01-15T17:29:36","date_gmt":"2026-01-15T16:29:36","guid":{"rendered":"https:\/\/festivalpalindrome.fr\/?page_id=1694"},"modified":"2026-01-15T17:29:37","modified_gmt":"2026-01-15T16:29:37","slug":"edition-2025-2-2-2-2","status":"publish","type":"page","link":"https:\/\/festivalpalindrome.fr\/?page_id=1694","title":{"rendered":"\u00c9dition 2021"},"content":{"rendered":"\n<hr class=\"wp-block-separator has-alpha-channel-opacity\"\/>\n\n\n\n<h2 class=\"wp-block-heading has-small-font-size\"><strong>Parrain de l&#8217;\u00e9dition<\/strong><\/h2>\n\n\n\n<div class=\"wp-block-media-text alignwide has-luminous-vivid-amber-background-color has-background\" style=\"grid-template-columns:39% auto\"><figure class=\"wp-block-media-text__media\"><img loading=\"lazy\" decoding=\"async\" width=\"541\" height=\"407\" src=\"https:\/\/festivalpalindrome.fr\/wp-content\/uploads\/2026\/01\/Capture-decran-2026-01-15-172059.png\" alt=\"\" class=\"wp-image-1697 size-full\" srcset=\"https:\/\/festivalpalindrome.fr\/wp-content\/uploads\/2026\/01\/Capture-decran-2026-01-15-172059.png 541w, https:\/\/festivalpalindrome.fr\/wp-content\/uploads\/2026\/01\/Capture-decran-2026-01-15-172059-300x226.png 300w\" sizes=\"auto, (max-width: 541px) 100vw, 541px\" \/><\/figure><div class=\"wp-block-media-text__content\">\n<p class=\"has-text-align-center\" style=\"font-size:50px\"><strong><span style=\"background-color: rgb(232, 234, 235);\">Dominique Richard<\/span><\/strong><\/p>\n<\/div><\/div>\n\n\n\n<p class=\"has-small-font-size\">Apr\u00e8s des \u00e9tudes de philosophie, Dominique Richard re\u00e7oit une formation de com\u00e9dien \u00e0 l\u2019\u00e9cole du Th\u00e9\u00e2tre national de Strasbourg, puis il joue au th\u00e9\u00e2tre et met en sc\u00e8ne plusieurs textes. En 1998, il \u00e9crit et cr\u00e9e sa premi\u00e8re pi\u00e8ce, pour enfants,\u00a0<em>Arakis et Narcisse<\/em>, qui est publi\u00e9e en 2002 dans la collection \u00ab Th\u00e9\u00e2trales Jeunesse \u00bb aux \u00e9ditions Th\u00e9\u00e2trales sous le titre\u00a0<em>Le Journal de Grosse Patate<\/em>. Celle-ci est s\u00e9lectionn\u00e9e en 2004, 2007 et 2013 par l\u2019\u00c9ducation nationale comme \u0153uvre de r\u00e9f\u00e9rence pour le cycle 3 du primaire et inaugure un cycle d\u2019\u00e9criture, \u00ab La Saga de Grosse Patate \u00bb, qui met en sc\u00e8ne les camarades de la petite fille ronde et douce. Il est l\u2019auteur de nombreuses pi\u00e8ces, la plupart pour jeunes publics. Elles abordent souvent la fantaisie et les mondes int\u00e9rieurs de l\u2019enfance et \u00e9voquent la difficult\u00e9 de grandir. Dominique Richard s\u2019engage r\u00e9guli\u00e8rement dans des projets d\u2019animation autour de l\u2019\u00e9criture, en direction de publics jeunes ou en difficult\u00e9.<\/p>\n\n\n\n<hr class=\"wp-block-separator has-alpha-channel-opacity\"\/>\n\n\n\n<h2 class=\"wp-block-heading has-small-font-size\"><strong>Le programme<\/strong><\/h2>\n\n\n\n<div class=\"wp-block-media-text is-stacked-on-mobile\" style=\"grid-template-columns:35% auto\"><figure class=\"wp-block-media-text__media\"><img loading=\"lazy\" decoding=\"async\" width=\"646\" height=\"916\" src=\"https:\/\/festivalpalindrome.fr\/wp-content\/uploads\/2026\/01\/2021.png\" alt=\"\" class=\"wp-image-1695 size-full\" srcset=\"https:\/\/festivalpalindrome.fr\/wp-content\/uploads\/2026\/01\/2021.png 646w, https:\/\/festivalpalindrome.fr\/wp-content\/uploads\/2026\/01\/2021-212x300.png 212w\" sizes=\"auto, (max-width: 646px) 100vw, 646px\" \/><\/figure><div class=\"wp-block-media-text__content\">\n<p class=\"has-small-font-size\">Affiche de l&#8217;\u00e9dition 2021<br><br><a href=\"http:\/\/festivalpalindrome.fr\/wp-content\/uploads\/2026\/01\/Programme2021.pdf\" data-type=\"link\" data-id=\"http:\/\/festivalpalindrome.fr\/wp-content\/uploads\/2026\/01\/ProgrammePalindrome2025-BD-1.pdf\"><strong>T\u00e9l\u00e9charger le programme<\/strong><\/a><\/p>\n<\/div><\/div>\n\n\n\n<hr class=\"wp-block-separator aligncenter has-alpha-channel-opacity is-style-wide\"\/>\n\n\n\n<div class=\"wp-block-columns is-layout-flex wp-container-core-columns-is-layout-9d6595d7 wp-block-columns-is-layout-flex\">\n<div class=\"wp-block-column is-layout-flow wp-block-column-is-layout-flow\">\n<h2 class=\"wp-block-heading has-text-align-center has-small-font-size\"><strong>SAMEDI 5 JUIN<\/strong><\/h2>\n\n\n\n<hr class=\"wp-block-separator has-alpha-channel-opacity\"\/>\n\n\n\n<p class=\"has-small-font-size\"><strong>Atelier : Th\u00e9\u00e2tre forum<br><\/strong>Avec Tina Trigaux (Cie La pagaille)<\/p>\n\n\n\n<p class=\"has-small-font-size\"><strong>Atelier : Commedia dell&#8217;arte<br><\/strong>Avec Simon Lapierre (Cie La pagaille)<\/p>\n\n\n\n<p class=\"has-small-font-size\"><strong>Atelier : Clown<br><\/strong>Avec Genia Konstantinova, de la Cie Black Dogg Production<br><br><strong>Atelier : \u00c0 hauteur d&#8217;\u00e9crivain, promenade th\u00e9\u00e2trale<br><\/strong>Avec Dominique Richard<br><br><strong>Viens du c\u00f4t\u00e9 obscur<br><\/strong>Par l\u2019atelier th\u00e9\u00e2tre de la MPT de Biviers<br>Cr\u00e9ation originale<br><br><strong>Jardin secret<br><\/strong>de Fabien Arca<br>Par l\u2019atelier th\u00e9\u00e2tre 11-13 des Adrets<br><br><strong>Les discours de Rosemarie<br><\/strong>de Dominique Richard<br>Par l\u2019atelier th\u00e9\u00e2tre 13-15 ans des Adrets<br><br><strong>Le Journal de grosse patate<br><\/strong>de Dominique Richard<br>&#8212;<br>Grosse patate est le surnom qu\u2019on lui donne \u00e0 l\u2019\u00e9cole parce qu\u2019elle mange tout le temps, surtout quand elle s\u2019ennuie. Plus elle est triste plus elle mange, moins elle comprend plus elle mange\u2026 Dans sa classe il y a Rosemarie la timide, sa meilleure amie, R\u00e9mi son souffre-douleur trouillard comme une fille, Hubert qui est tr\u00e8s beau et tr\u00e8s b\u00eate et dont tout le monde est amoureux. La ma\u00eetresse se f\u00e2che quand elle s\u2019aper\u00e7oit qu\u2019on maltraite R\u00e9mi, elle se f\u00e2che aussi lorsque R\u00e9mi, qui ne se laisse plus faire, devient g\u00e9n\u00e9ral d\u2019une arm\u00e9e secr\u00e8te pas si secr\u00e8te que \u00e7a. Grosse patate essaie de comprendre le monde \u00e0 travers des exercices de maths o\u00f9 il ne faut pas multiplier les tomates et les bananes et en regardant R\u00e9mi qui a une ombre de petite fille.<\/p>\n\n\n\n<p class=\"has-small-font-size\"><\/p>\n<\/div>\n\n\n\n<div class=\"wp-block-column is-layout-flow wp-block-column-is-layout-flow\">\n<h2 class=\"wp-block-heading has-text-align-center has-small-font-size\"><strong>DIMANCHE 6 JUIN<\/strong><\/h2>\n\n\n\n<hr class=\"wp-block-separator has-alpha-channel-opacity\"\/>\n\n\n\n<p class=\"has-small-font-size\"><strong>Atelier : Th\u00e9\u00e2tre d&#8217;objets<\/strong><br>avec Emili HUFFNAGEL (Turak Th\u00e9\u00e2tre)<br><br><strong>Atelier : Commedia dell&#8217;arte<br><\/strong>Avec Simon Lapierre (Cie La pagaille)<br><br><strong>Atelier : Clown<br><\/strong>Avec Genia Konstantinova, de la Cie Black Dogg Production<br><br><strong>Atelier : \u00c0 hauteur d&#8217;\u00e9crivain, lecture dessin\u00e9e<br><\/strong>Avec Dominique Richard<br><br><strong>Les saisons de Rosemarie<br><\/strong>de Dominique Richard<br>Par l\u2019atelier th\u00e9\u00e2tre AIVL\/MJC Ste Agn\u00e8s-St Mury<br><br><strong>Pim, Pam, Clown<br><\/strong>de Tom\u00e1s Af\u00e1n<br>Par l\u2019atelier th\u00e9\u00e2tre 8-11 des Adrets<br><br><strong>Mauvaise graine<br><\/strong>de Philippe Gauthier<br>par l\u2019atelier th\u00e9\u00e2tre de la MJC de Crolles<br><br><strong>L\u2019abribus<\/strong><br>de Alexandre Aimard<br>par une troupe de jeunes lavallois<\/p>\n\n\n\n<p class=\"has-small-font-size\"><\/p>\n\n\n\n<p class=\"has-small-font-size\"><\/p>\n\n\n\n<p class=\"has-small-font-size\"><\/p>\n\n\n\n<p class=\"has-small-font-size\"><\/p>\n<\/div>\n<\/div>\n\n\n\n<hr class=\"wp-block-separator has-alpha-channel-opacity\"\/>\n\n\n\n<h2 class=\"wp-block-heading has-small-font-size\"><strong>Les souvenirs<\/strong><\/h2>\n\n\n\n<figure class=\"wp-block-embed is-type-video is-provider-youtube wp-block-embed-youtube wp-embed-aspect-16-9 wp-has-aspect-ratio\"><div class=\"wp-block-embed__wrapper\">\n<iframe loading=\"lazy\" title=\"Teaser Festival Palindrome - Laval\" width=\"525\" height=\"295\" src=\"https:\/\/www.youtube.com\/embed\/fjU87OvSQDM?feature=oembed\" frameborder=\"0\" allow=\"accelerometer; autoplay; clipboard-write; encrypted-media; gyroscope; picture-in-picture; web-share\" referrerpolicy=\"strict-origin-when-cross-origin\" allowfullscreen><\/iframe>\n<\/div><\/figure>\n","protected":false},"excerpt":{"rendered":"<p>Parrain de l&#8217;\u00e9dition Dominique Richard Apr\u00e8s des \u00e9tudes de philosophie, Dominique Richard re\u00e7oit une formation de com\u00e9dien \u00e0 l\u2019\u00e9cole du Th\u00e9\u00e2tre national de Strasbourg, puis il joue au th\u00e9\u00e2tre et met en sc\u00e8ne plusieurs textes. En 1998, il \u00e9crit et cr\u00e9e sa premi\u00e8re pi\u00e8ce, pour enfants,\u00a0Arakis et Narcisse, qui est publi\u00e9e en 2002 dans la &hellip; <\/p>\n<p class=\"link-more\"><a href=\"https:\/\/festivalpalindrome.fr\/?page_id=1694\" class=\"more-link\">Continuer la lecture<span class=\"screen-reader-text\"> de &laquo;&nbsp;\u00c9dition 2021&nbsp;&raquo;<\/span><\/a><\/p>\n","protected":false},"author":1,"featured_media":0,"parent":0,"menu_order":0,"comment_status":"closed","ping_status":"closed","template":"","meta":{"footnotes":""},"class_list":["post-1694","page","type-page","status-publish","hentry"],"_links":{"self":[{"href":"https:\/\/festivalpalindrome.fr\/index.php?rest_route=\/wp\/v2\/pages\/1694","targetHints":{"allow":["GET"]}}],"collection":[{"href":"https:\/\/festivalpalindrome.fr\/index.php?rest_route=\/wp\/v2\/pages"}],"about":[{"href":"https:\/\/festivalpalindrome.fr\/index.php?rest_route=\/wp\/v2\/types\/page"}],"author":[{"embeddable":true,"href":"https:\/\/festivalpalindrome.fr\/index.php?rest_route=\/wp\/v2\/users\/1"}],"replies":[{"embeddable":true,"href":"https:\/\/festivalpalindrome.fr\/index.php?rest_route=%2Fwp%2Fv2%2Fcomments&post=1694"}],"version-history":[{"count":1,"href":"https:\/\/festivalpalindrome.fr\/index.php?rest_route=\/wp\/v2\/pages\/1694\/revisions"}],"predecessor-version":[{"id":1698,"href":"https:\/\/festivalpalindrome.fr\/index.php?rest_route=\/wp\/v2\/pages\/1694\/revisions\/1698"}],"wp:attachment":[{"href":"https:\/\/festivalpalindrome.fr\/index.php?rest_route=%2Fwp%2Fv2%2Fmedia&parent=1694"}],"curies":[{"name":"wp","href":"https:\/\/api.w.org\/{rel}","templated":true}]}}