{"id":1689,"date":"2026-01-15T17:15:32","date_gmt":"2026-01-15T16:15:32","guid":{"rendered":"https:\/\/festivalpalindrome.fr\/?page_id=1689"},"modified":"2026-01-15T17:15:33","modified_gmt":"2026-01-15T16:15:33","slug":"edition-2025-2-2-2","status":"publish","type":"page","link":"https:\/\/festivalpalindrome.fr\/?page_id=1689","title":{"rendered":"\u00c9dition 2022"},"content":{"rendered":"\n<hr class=\"wp-block-separator has-alpha-channel-opacity\"\/>\n\n\n\n<h2 class=\"wp-block-heading has-small-font-size\"><strong>Parrain de l&#8217;\u00e9dition<\/strong><\/h2>\n\n\n\n<div class=\"wp-block-media-text alignwide has-luminous-vivid-amber-background-color has-background\" style=\"grid-template-columns:39% auto\"><figure class=\"wp-block-media-text__media\"><img loading=\"lazy\" decoding=\"async\" width=\"490\" height=\"372\" src=\"http:\/\/festivalpalindrome.fr\/wp-content\/uploads\/2022\/04\/Fabien-Arca.jpg\" alt=\"\" class=\"wp-image-494 size-full\" srcset=\"https:\/\/festivalpalindrome.fr\/wp-content\/uploads\/2022\/04\/Fabien-Arca.jpg 490w, https:\/\/festivalpalindrome.fr\/wp-content\/uploads\/2022\/04\/Fabien-Arca-300x228.jpg 300w\" sizes=\"auto, (max-width: 490px) 100vw, 490px\" \/><\/figure><div class=\"wp-block-media-text__content\">\n<p class=\"has-text-align-center\" style=\"font-size:50px\"><strong><span style=\"background-color: rgb(232, 234, 235);\">Fabien Arca<\/span><\/strong><\/p>\n<\/div><\/div>\n\n\n\n<p class=\"has-small-font-size\">N\u00e9 en 1974 \u00e0 Toulon, d\u2019une m\u00e8re Fran\u00e7aise et d\u2019un p\u00e8re Arm\u00e9nien (de Turquie), il a grandi en banlieue parisienne. Apr\u00e8s des \u00e9tudes en Arts du spectacle, il fait ses d\u00e9buts en tant que com\u00e9dien mais se tourne rapidement vers l\u2019\u00e9criture et la mise en sc\u00e8ne.<br>D\u00e8s 1997, il met en sc\u00e8ne ses textes dans diff\u00e9rents th\u00e9\u00e2tre Parisiens (th\u00e9\u00e2tre Paris-Villette, th\u00e9\u00e2tre des Amandiers, LMP, Vingti\u00e8me th\u00e9\u00e2tre, Confluences\u2026)<\/p>\n\n\n\n<p class=\"has-small-font-size\">L\u2019\u00e9criture est aussi un engagement. C\u2019est pour lui, le moyen d\u2019aller \u00e0 la rencontre des gens et de d\u00e9couvrir de nouveaux univers. A partir des ann\u00e9es 2000, il travaille aussi pour une compagnie de th\u00e9\u00e2tre d\u2019intervention pour laquelle il \u00e9crit et met en sc\u00e8ne plus de 50 pi\u00e8ces (jou\u00e9es partout en France). Il collabore avec les Compagnons du Devoir. En 2012, avec la Chaire Mod\u00e9lisation des imaginaires (dirig\u00e9e par P. Musso), il d\u00e9veloppe de nouveaux concepts th\u00e9\u00e2traux afin de r\u00e9pondre aux besoins des chercheurs qui se questionnent sur des th\u00e9matiques pr\u00e9cises : robot, avatar, corps augment\u00e9, ville augment\u00e9e\u2026 Son go\u00fbt pour le polar et le suspens l\u2019emm\u00e8ne aussi vers l\u2019\u00e9criture de fictions radiophoniques pour France Inter dans la s\u00e9rie Nuit Noire.<\/p>\n\n\n\n<hr class=\"wp-block-separator has-alpha-channel-opacity\"\/>\n\n\n\n<h2 class=\"wp-block-heading has-small-font-size\"><strong>Le programme<\/strong><\/h2>\n\n\n\n<div class=\"wp-block-media-text is-stacked-on-mobile\" style=\"grid-template-columns:35% auto\"><figure class=\"wp-block-media-text__media\"><img loading=\"lazy\" decoding=\"async\" width=\"647\" height=\"912\" src=\"https:\/\/festivalpalindrome.fr\/wp-content\/uploads\/2026\/01\/2022.png\" alt=\"\" class=\"wp-image-1690 size-full\" srcset=\"https:\/\/festivalpalindrome.fr\/wp-content\/uploads\/2026\/01\/2022.png 647w, https:\/\/festivalpalindrome.fr\/wp-content\/uploads\/2026\/01\/2022-213x300.png 213w\" sizes=\"auto, (max-width: 647px) 100vw, 647px\" \/><\/figure><div class=\"wp-block-media-text__content\">\n<p class=\"has-small-font-size\">Affiche de l&#8217;\u00e9dition 2023<br><br><a href=\"http:\/\/festivalpalindrome.fr\/wp-content\/uploads\/2026\/01\/Programme2022.pdf\" data-type=\"link\" data-id=\"http:\/\/festivalpalindrome.fr\/wp-content\/uploads\/2026\/01\/ProgrammePalindrome2025-BD-1.pdf\"><strong>T\u00e9l\u00e9charger le programme<\/strong><\/a><\/p>\n<\/div><\/div>\n\n\n\n<hr class=\"wp-block-separator aligncenter has-alpha-channel-opacity is-style-wide\"\/>\n\n\n\n<div class=\"wp-block-columns is-layout-flex wp-container-core-columns-is-layout-9d6595d7 wp-block-columns-is-layout-flex\">\n<div class=\"wp-block-column is-layout-flow wp-block-column-is-layout-flow\">\n<h2 class=\"wp-block-heading has-text-align-center has-small-font-size\"><strong>MERCREDI 1ER JUIN<\/strong><\/h2>\n\n\n\n<hr class=\"wp-block-separator has-alpha-channel-opacity\"\/>\n\n\n\n<p class=\"has-small-font-size\"><strong>Ravie<\/strong><br>de Sandrine Roche<br>par l\u2019atelier th\u00e9\u00e2tre 10-11 ans des Adrets<br><br><strong>Z\u00e9phir et Aliz\u00e9<br><\/strong>de Fabien Arca<br>par la troupe La Cord\u00e9e-Espace 600<\/p>\n\n\n\n<p class=\"has-small-font-size\"><\/p>\n\n\n\n<p class=\"has-small-font-size\"><br><br><\/p>\n<\/div>\n\n\n\n<div class=\"wp-block-column is-layout-flow wp-block-column-is-layout-flow\">\n<h2 class=\"wp-block-heading has-text-align-center has-small-font-size\"><strong>SAMEDI 4 JUIN<\/strong><\/h2>\n\n\n\n<hr class=\"wp-block-separator has-alpha-channel-opacity\"\/>\n\n\n\n<p class=\"has-small-font-size\"><strong>Atelier : Mati\u00e8re \u00e0 marionnettes<br><\/strong>Avec Honorine Lefetz (Cie Th\u00e9\u00e2tre du Risque)<br><br><strong>Atelier : Clown<br><\/strong>Avec Genia Konstantinova, de la Cie Black Dogg Production<br><br><strong>Atelier : Impro<\/strong><br>Avec Damien Jacquier, de la ligue impro 38<br><br><strong>Atelier : \u00c9criture<br><\/strong>Avec Guy Lorion <br><br><strong>Lily\u00a0Fil\u00a0et\u00a0ses\u00a0rencontres<br><\/strong>D&#8217;apr\u00e8s\u00a0Lily Fil\u00a0de Philippe Gauthier et \u00a0Moustique\u00a0de Fabien Arca<br>par l&#8217;atelier th\u00e9\u00e2tre de la MJC Sainte-Agn\u00e8s-Saint-Mury<br><br><strong>Bab\u00efl<\/strong><br>De Sarah Carr\u00e9<br>par les \u00e9l\u00e8ves de CE1-CE2 de l&#8217;\u00e9cole de Laval<br><br><strong>Cendrillon<\/strong><br>De Jo\u00ebl Pommerat<br>par l\u2019atelier th\u00e9\u00e2tre 13-17 ans de\u00a0Horizons,\u00a0Meylan<br><br><strong>Ma\u00a0langue\u00a0dans\u00a0ta\u00a0poche<br><\/strong>De Fabien Arca<br>&#8212;<br>Loubia adore parler, et tant pis si les autres n\u2019appr\u00e9cient pas. Au coll\u00e8ge, elle fait la rencontre de Louis, un gar\u00e7on totalement mutique. Un vrai myst\u00e8re ! Le silence de Louis agit comme un d\u00e9tonateur pour cette jeune fille qui n\u2019a pas sa langue dans sa poche\u2026<br>Alternant r\u00e9cits et fragments plus po\u00e9tiques (n\u2019\u00e9crit-elle pas une sorte de journal ?), le texte nous fait d\u00e9couvrir le quotidien de Loubia, entre vie de quartier, vie au coll\u00e8ge, univers familial, et dessine le chemin d\u2019une \u00e9mancipation.<br><br><strong>M\u00fcnchhaussen ?<\/strong> <br>par la Cie Intermezzo<br>d&#8217;apr\u00e8s le texte de Fabrice Melquiot<br>&#8212;<br>\u00ab Exister, c\u2019est d\u2019abord imaginer \u00bb\u00a0et imaginer, c\u2019est ce que le Baron fait de mieux !<br>Dans cette version moderne et musicale, nous suivons l\u2019histoire de\u00a0Moi, jeune fils du baron de M\u00fcnchhausen. Lorsque son p\u00e8re meurt subitement,\u00a0Moi\u00a0se retrouve seul, d\u00e9sempar\u00e9. Tr\u00e8s vite, le baron revient, visible uniquement aux yeux de son fils, plus truculent que jamais. Ensemble, mais aussi avec\u00a0Mon seul pote\u00a0et\u00a0Elle\u00a0l\u2019aide-soignante, ils vont entreprendre des aventures entre r\u00e9el et imaginaire pour finalement d\u00e9couvrir un dr\u00f4le d\u2019h\u00e9ritage : la fantaisie !<\/p>\n\n\n\n<p class=\"has-small-font-size\"><\/p>\n<\/div>\n\n\n\n<div class=\"wp-block-column is-layout-flow wp-block-column-is-layout-flow\">\n<h2 class=\"wp-block-heading has-text-align-center has-small-font-size\"><strong>DIMANCHE 5 JUIN<\/strong><\/h2>\n\n\n\n<hr class=\"wp-block-separator has-alpha-channel-opacity\"\/>\n\n\n\n<p class=\"has-small-font-size\"><strong>Atelier : Mati\u00e8re \u00e0 marionnettes<br><\/strong>Avec Honorine Lefetz (Cie Th\u00e9\u00e2tre du Risque)<br><br>Atelier : Th\u00e9\u00e2tre sans paroles<br>Avec Margaux Lavis ( Cie En attendant les lucioles)<br><br><strong>Atelier : Clown<br><\/strong>Avec Genia Konstantinova, de la Cie Black Dogg Production<br><br><strong>Atelier : \u00c9criture<br><\/strong>Avec Guy Lorion <br><br><strong>(Re)viens\u00a0du\u00a0c\u00f4t\u00e9\u00a0obscur<br><\/strong>Extraits de cr\u00e9ation<br>par l&#8217;atelier th\u00e9\u00e2tre de la MPT de Biviers<br>Cr\u00e9ation originale<br><br><strong>La\u00a0constellation\u00a0du\u00a0chien<br><\/strong>de Pascal Chevarie<br>par l\u2019atelier th\u00e9\u00e2tre 12-13 ans des Adrets<br><br><strong>Une\u00a0cosmonaute\u00a0est\u00a0un\u00a0souci\u00a0<br>dans\u00a0notre\u00a0galaxie<\/strong><br>de Sarah Carr\u00e9<br>par l\u2019atelier th\u00e9\u00e2tre de la MJC de Crolles<br><br><strong>Jojo\u00a0au\u00a0bord\u00a0du\u00a0monde<br><\/strong>de St\u00e9phane Jaubertie<br>par l\u2019atelier th\u00e9\u00e2tre 13-16 ans des Adrets<br><\/p>\n\n\n\n<p><\/p>\n\n\n\n<p class=\"has-small-font-size\"><\/p>\n\n\n\n<p class=\"has-small-font-size\"><\/p>\n\n\n\n<p class=\"has-small-font-size\"><\/p>\n\n\n\n<p class=\"has-small-font-size\"><\/p>\n\n\n\n<p class=\"has-small-font-size\"><\/p>\n\n\n\n<p class=\"has-small-font-size\"><\/p>\n\n\n\n<p class=\"has-small-font-size\"><\/p>\n<\/div>\n<\/div>\n\n\n\n<hr class=\"wp-block-separator has-alpha-channel-opacity\"\/>\n\n\n\n<h2 class=\"wp-block-heading has-small-font-size\"><strong>Les souvenirs<\/strong><\/h2>\n\n\n\n<figure class=\"wp-block-embed is-type-video is-provider-youtube wp-block-embed-youtube wp-embed-aspect-16-9 wp-has-aspect-ratio\"><div class=\"wp-block-embed__wrapper\">\n<iframe loading=\"lazy\" title=\"Festival Palindrome-Edition 2022\" width=\"525\" height=\"295\" src=\"https:\/\/www.youtube.com\/embed\/Vllc-M7eGKs?feature=oembed\" frameborder=\"0\" allow=\"accelerometer; autoplay; clipboard-write; encrypted-media; gyroscope; picture-in-picture; web-share\" referrerpolicy=\"strict-origin-when-cross-origin\" allowfullscreen><\/iframe>\n<\/div><\/figure>\n","protected":false},"excerpt":{"rendered":"<p>Parrain de l&#8217;\u00e9dition Fabien Arca N\u00e9 en 1974 \u00e0 Toulon, d\u2019une m\u00e8re Fran\u00e7aise et d\u2019un p\u00e8re Arm\u00e9nien (de Turquie), il a grandi en banlieue parisienne. Apr\u00e8s des \u00e9tudes en Arts du spectacle, il fait ses d\u00e9buts en tant que com\u00e9dien mais se tourne rapidement vers l\u2019\u00e9criture et la mise en sc\u00e8ne.D\u00e8s 1997, il met en &hellip; <\/p>\n<p class=\"link-more\"><a href=\"https:\/\/festivalpalindrome.fr\/?page_id=1689\" class=\"more-link\">Continuer la lecture<span class=\"screen-reader-text\"> de &laquo;&nbsp;\u00c9dition 2022&nbsp;&raquo;<\/span><\/a><\/p>\n","protected":false},"author":1,"featured_media":0,"parent":0,"menu_order":0,"comment_status":"closed","ping_status":"closed","template":"","meta":{"footnotes":""},"class_list":["post-1689","page","type-page","status-publish","hentry"],"_links":{"self":[{"href":"https:\/\/festivalpalindrome.fr\/index.php?rest_route=\/wp\/v2\/pages\/1689","targetHints":{"allow":["GET"]}}],"collection":[{"href":"https:\/\/festivalpalindrome.fr\/index.php?rest_route=\/wp\/v2\/pages"}],"about":[{"href":"https:\/\/festivalpalindrome.fr\/index.php?rest_route=\/wp\/v2\/types\/page"}],"author":[{"embeddable":true,"href":"https:\/\/festivalpalindrome.fr\/index.php?rest_route=\/wp\/v2\/users\/1"}],"replies":[{"embeddable":true,"href":"https:\/\/festivalpalindrome.fr\/index.php?rest_route=%2Fwp%2Fv2%2Fcomments&post=1689"}],"version-history":[{"count":1,"href":"https:\/\/festivalpalindrome.fr\/index.php?rest_route=\/wp\/v2\/pages\/1689\/revisions"}],"predecessor-version":[{"id":1692,"href":"https:\/\/festivalpalindrome.fr\/index.php?rest_route=\/wp\/v2\/pages\/1689\/revisions\/1692"}],"wp:attachment":[{"href":"https:\/\/festivalpalindrome.fr\/index.php?rest_route=%2Fwp%2Fv2%2Fmedia&parent=1689"}],"curies":[{"name":"wp","href":"https:\/\/api.w.org\/{rel}","templated":true}]}}