{"id":1684,"date":"2026-01-15T16:49:20","date_gmt":"2026-01-15T15:49:20","guid":{"rendered":"https:\/\/festivalpalindrome.fr\/?page_id=1684"},"modified":"2026-01-15T16:49:20","modified_gmt":"2026-01-15T15:49:20","slug":"edition-2025-2-2","status":"publish","type":"page","link":"https:\/\/festivalpalindrome.fr\/?page_id=1684","title":{"rendered":"\u00c9dition 2023"},"content":{"rendered":"\n<hr class=\"wp-block-separator has-alpha-channel-opacity\"\/>\n\n\n\n<h2 class=\"wp-block-heading has-small-font-size\"><strong>Parrain de l&#8217;\u00e9dition<\/strong><\/h2>\n\n\n\n<div class=\"wp-block-media-text alignwide has-luminous-vivid-amber-background-color has-background\" style=\"grid-template-columns:39% auto\"><figure class=\"wp-block-media-text__media\"><img loading=\"lazy\" decoding=\"async\" width=\"300\" height=\"300\" src=\"http:\/\/festivalpalindrome.fr\/wp-content\/uploads\/2023\/03\/St\u00e9phane-Jaubertie.jpg\" alt=\"\" class=\"wp-image-678 size-full\" srcset=\"https:\/\/festivalpalindrome.fr\/wp-content\/uploads\/2023\/03\/St\u00e9phane-Jaubertie.jpg 300w, https:\/\/festivalpalindrome.fr\/wp-content\/uploads\/2023\/03\/St\u00e9phane-Jaubertie-150x150.jpg 150w, https:\/\/festivalpalindrome.fr\/wp-content\/uploads\/2023\/03\/St\u00e9phane-Jaubertie-100x100.jpg 100w\" sizes=\"auto, (max-width: 300px) 100vw, 300px\" \/><\/figure><div class=\"wp-block-media-text__content\">\n<p class=\"has-text-align-center\" style=\"font-size:50px\"><strong><span style=\"background-color: rgb(232, 234, 235);\">St\u00e9phane Jaubertie<\/span><\/strong><\/p>\n<\/div><\/div>\n\n\n\n<p class=\"has-small-font-size\">St\u00e9phane Jaubertie est auteur de th\u00e9\u00e2tre. N\u00e9 en 1970 \u00e0 P\u00e9rigueux, il se forme comme com\u00e9dien \u00e0 l\u2019\u00c9cole de la Com\u00e9die de Saint-\u00c9tienne et commence \u00e0 \u00e9crire en 2004 des textes qui s\u2019adressent aussi bien aux enfants qu\u2019aux adultes. Il \u00e9crit des fables initiatiques. C\u2019est du plus profond de soi qu\u2019il part pour fabriquer un th\u00e9\u00e2tre qui parle au c\u0153ur et \u00e0 la t\u00eate et composer une dramaturgie percutante, intelligente et rare.<\/p>\n\n\n\n<hr class=\"wp-block-separator has-alpha-channel-opacity\"\/>\n\n\n\n<h2 class=\"wp-block-heading has-small-font-size\"><strong>Le programme<\/strong><\/h2>\n\n\n\n<div class=\"wp-block-media-text is-stacked-on-mobile\" style=\"grid-template-columns:35% auto\"><figure class=\"wp-block-media-text__media\"><img loading=\"lazy\" decoding=\"async\" width=\"647\" height=\"913\" src=\"https:\/\/festivalpalindrome.fr\/wp-content\/uploads\/2026\/01\/Capture-decran-2026-01-15-162810.png\" alt=\"\" class=\"wp-image-1685 size-full\" srcset=\"https:\/\/festivalpalindrome.fr\/wp-content\/uploads\/2026\/01\/Capture-decran-2026-01-15-162810.png 647w, https:\/\/festivalpalindrome.fr\/wp-content\/uploads\/2026\/01\/Capture-decran-2026-01-15-162810-213x300.png 213w\" sizes=\"auto, (max-width: 647px) 100vw, 647px\" \/><\/figure><div class=\"wp-block-media-text__content\">\n<p class=\"has-small-font-size\">Affiche de l&#8217;\u00e9dition 2023<br><br><a href=\"http:\/\/festivalpalindrome.fr\/wp-content\/uploads\/2026\/01\/Programme2023.pdf\" data-type=\"link\" data-id=\"http:\/\/festivalpalindrome.fr\/wp-content\/uploads\/2026\/01\/ProgrammePalindrome2025-BD-1.pdf\"><strong>T\u00e9l\u00e9charger le programme<\/strong><\/a><\/p>\n<\/div><\/div>\n\n\n\n<hr class=\"wp-block-separator aligncenter has-alpha-channel-opacity is-style-wide\"\/>\n\n\n\n<div class=\"wp-block-columns is-layout-flex wp-container-core-columns-is-layout-9d6595d7 wp-block-columns-is-layout-flex\">\n<div class=\"wp-block-column is-layout-flow wp-block-column-is-layout-flow\">\n<h2 class=\"wp-block-heading has-text-align-center has-small-font-size\"><strong>SAMEDI 27 MAI<\/strong><\/h2>\n\n\n\n<hr class=\"wp-block-separator has-alpha-channel-opacity\"\/>\n\n\n\n<p class=\"has-small-font-size\"><strong>Spectacle\u00a0d\u2019ouverture\u00a0:\u00a0les\u00a0huile<\/strong> <strong>essentielles<\/strong><br>par l\u2019atelier th\u00e9\u00e2tre des Adrets<br><br><strong>R\u00e9fectoire\u00a0<\/strong><br>de David Lescot<br>par l\u2019atelier th\u00e9\u00e2tre des Adrets<br><br><strong>Maudit.e.s pirates<br><\/strong>par l\u2019atelier th\u00e9\u00e2tre de Biviers<br><br><strong>Autrefois, aujourd\u2019hui, demain<br><\/strong>de Fran\u00e7oise du Chaxel<br>par l\u2019atelier th\u00e9\u00e2tre de St Mury-Ste Agn\u00e8s<br><br><strong>Ap\u00e9ro-discussion : de l\u2019autre c\u00f4t\u00e9 du rideau<\/strong><br>Anim\u00e9 par St\u00e9phane Jaubertie , auteur et Guy Loyrion<br>&#8212;<br>Quand on parle th\u00e9\u00e2tre, on s\u2019imagine les spectacles et les paillettes, les repr\u00e9sentations et le public en foule. Mais il ne s\u2019agit l\u00e0 que de la t\u00eate de l\u2019iceberg.<br>Et si ensemble on brisait la glace et on plongeait sous la surface du rideau, pour une immersion dans la cr\u00e9ation th\u00e9\u00e2trale, \u00e0 la rencontre de ceux qui la font, tout \u00e7a autour d\u2019un verre, d\u2019un gla\u00e7on\u2026et d\u2019une galette saucisse\u00a0!<br><br><strong>Dans la peau de Cyrano<br><\/strong>de Nicolas Devort<br>&#8212;<br>Colin fait sa rentr\u00e9e dans un nouveau coll\u00e8ge. Pas facile de passer du monde de l\u2019enfance \u00e0 celui des grands, surtout quand on est \u00abdiff\u00e9rent\u00bb. La route est sem\u00e9e d\u2019emb\u00fbches. Mais une rencontre d\u00e9terminante avec son professeur de th\u00e9\u00e2tre, figure paternelle et bienveillante, guidera ses pas vers un nouvel essor, comme une nouvelle naissance.<br>Un spectacle dr\u00f4le et po\u00e9tique o\u00f9 un com\u00e9dien seul en sc\u00e8ne interpr\u00e8te une galerie de personnages hauts en couleur.<\/p>\n\n\n\n<p class=\"has-small-font-size\"><br><br><\/p>\n<\/div>\n\n\n\n<div class=\"wp-block-column is-layout-flow wp-block-column-is-layout-flow\">\n<h2 class=\"wp-block-heading has-text-align-center has-small-font-size\"><strong>DIMANCHE 28 MAI<\/strong><\/h2>\n\n\n\n<hr class=\"wp-block-separator has-alpha-channel-opacity\"\/>\n\n\n\n<p class=\"has-small-font-size\"><strong>Atelier : Th\u00e9\u00e2tre d&#8217;objets<br><\/strong>avec Emili HUFFNAGEL (Turak Th\u00e9\u00e2tre)<br><br><strong>La\u00a0Dispute<\/strong><br>De Mohamed El Khatib<br>par l\u2019atelier ado des Adrets<br><br><strong>Albatros<br><\/strong>de Fabrice Melquiot<br>par l\u2019atelier ado d\u2019Horizons, Meylan<br><br><strong>Manger un phoque<br><\/strong>de Sophie Merceron<br>par l\u2019atelier ado de l\u2019Espace 600<br><br><strong>Normalito<\/strong><br>de Pauline SALES<br>par l\u2019atelier ado des Adrets<br><br><strong>Deux pierres<br><\/strong>par la Cie Turak<br>&#8212;<br>Deux Pierres, \u00e7a tient tout entier dans la paume d\u2019une main ou dans une bo\u00eete \u00e0 chaussures. C\u2019est une po\u00e9sie bricol\u00e9e, un m\u00e9lange impr\u00e9vu d\u2019objets us\u00e9s, exhum\u00e9s des tiroirs oubli\u00e9s, ceux que l\u2019on ne se r\u00e9sout pas \u00e0 jeter. Pinces \u00e0 linges rouill\u00e9es, bouts de ficelle enroul\u00e9s, bois flott\u00e9, noyaux sculpt\u00e9s\u2026 peuplent l\u2019imaginaire de Turak.<br>Autant d\u2019univers qui se d\u00e9roulent comme une suite de petits bavardages visuels.<br>Fascin\u00e9 par la po\u00e9sie de ces petits assemblages improbables et par la fatigue des objets, Michel Laubu, fa\u00e7onne ici une galerie de portraits et cr\u00e9e un th\u00e9\u00e2tre d\u2019images, sorte de r\u00e9cit visuel des all\u00e9es et venues d\u2019anges et de pommes de terres \u00e9bouriff\u00e9es.<\/p>\n<\/div>\n\n\n\n<div class=\"wp-block-column is-layout-flow wp-block-column-is-layout-flow\">\n<h2 class=\"wp-block-heading has-text-align-center has-small-font-size\"><strong>LUNDI 29 MAI<\/strong><\/h2>\n\n\n\n<hr class=\"wp-block-separator has-alpha-channel-opacity\"\/>\n\n\n\n<p class=\"has-small-font-size\"><strong>Atelier : Cascade de spectacle<br><\/strong>avec Simon LAPIERRE<br><br><strong>Moustique<\/strong><br>de Fabien ARCA<br>par l\u2019atelier l\u2019atelier enfant des Adrets<br><br><strong>Maman a choisi la d\u00e9capotable<br><\/strong>de Antonio CARMONA<br>par l\u2019atelier th\u00e9\u00e2tre de Crolles<br><br><strong>Premi\u00e8re mondiale (et lavalloise)<br><\/strong>par la Cie du Palindrome et St\u00e9phane JAUBERTIE<br>par l\u2019atelier \u00ab Cr\u00e9ation th\u00e9\u00e2trale 2023 \u00bb du Festival Palindrome<\/p>\n\n\n\n<p class=\"has-small-font-size\"><\/p>\n\n\n\n<p class=\"has-small-font-size\"><\/p>\n\n\n\n<p class=\"has-small-font-size\"><\/p>\n\n\n\n<p class=\"has-small-font-size\"><\/p>\n\n\n\n<p class=\"has-small-font-size\"><\/p>\n\n\n\n<p class=\"has-small-font-size\"><\/p>\n\n\n\n<p class=\"has-small-font-size\"><\/p>\n<\/div>\n<\/div>\n\n\n\n<hr class=\"wp-block-separator has-alpha-channel-opacity\"\/>\n\n\n\n<h2 class=\"wp-block-heading has-small-font-size\"><strong>Les souvenirs<\/strong><\/h2>\n\n\n\n<figure class=\"wp-block-embed is-type-video is-provider-youtube wp-block-embed-youtube wp-embed-aspect-16-9 wp-has-aspect-ratio\"><div class=\"wp-block-embed__wrapper\">\n<iframe loading=\"lazy\" title=\"Festival Palindrome, \u00e9dition 2023\" width=\"525\" height=\"295\" src=\"https:\/\/www.youtube.com\/embed\/O0MC3pxkQqA?feature=oembed\" frameborder=\"0\" allow=\"accelerometer; autoplay; clipboard-write; encrypted-media; gyroscope; picture-in-picture; web-share\" referrerpolicy=\"strict-origin-when-cross-origin\" allowfullscreen><\/iframe>\n<\/div><\/figure>\n","protected":false},"excerpt":{"rendered":"<p>Parrain de l&#8217;\u00e9dition St\u00e9phane Jaubertie St\u00e9phane Jaubertie est auteur de th\u00e9\u00e2tre. N\u00e9 en 1970 \u00e0 P\u00e9rigueux, il se forme comme com\u00e9dien \u00e0 l\u2019\u00c9cole de la Com\u00e9die de Saint-\u00c9tienne et commence \u00e0 \u00e9crire en 2004 des textes qui s\u2019adressent aussi bien aux enfants qu\u2019aux adultes. Il \u00e9crit des fables initiatiques. C\u2019est du plus profond de soi &hellip; <\/p>\n<p class=\"link-more\"><a href=\"https:\/\/festivalpalindrome.fr\/?page_id=1684\" class=\"more-link\">Continuer la lecture<span class=\"screen-reader-text\"> de &laquo;&nbsp;\u00c9dition 2023&nbsp;&raquo;<\/span><\/a><\/p>\n","protected":false},"author":1,"featured_media":0,"parent":0,"menu_order":0,"comment_status":"closed","ping_status":"closed","template":"","meta":{"footnotes":""},"class_list":["post-1684","page","type-page","status-publish","hentry"],"_links":{"self":[{"href":"https:\/\/festivalpalindrome.fr\/index.php?rest_route=\/wp\/v2\/pages\/1684","targetHints":{"allow":["GET"]}}],"collection":[{"href":"https:\/\/festivalpalindrome.fr\/index.php?rest_route=\/wp\/v2\/pages"}],"about":[{"href":"https:\/\/festivalpalindrome.fr\/index.php?rest_route=\/wp\/v2\/types\/page"}],"author":[{"embeddable":true,"href":"https:\/\/festivalpalindrome.fr\/index.php?rest_route=\/wp\/v2\/users\/1"}],"replies":[{"embeddable":true,"href":"https:\/\/festivalpalindrome.fr\/index.php?rest_route=%2Fwp%2Fv2%2Fcomments&post=1684"}],"version-history":[{"count":1,"href":"https:\/\/festivalpalindrome.fr\/index.php?rest_route=\/wp\/v2\/pages\/1684\/revisions"}],"predecessor-version":[{"id":1687,"href":"https:\/\/festivalpalindrome.fr\/index.php?rest_route=\/wp\/v2\/pages\/1684\/revisions\/1687"}],"wp:attachment":[{"href":"https:\/\/festivalpalindrome.fr\/index.php?rest_route=%2Fwp%2Fv2%2Fmedia&parent=1684"}],"curies":[{"name":"wp","href":"https:\/\/api.w.org\/{rel}","templated":true}]}}