{"id":1359,"date":"2025-04-09T10:51:28","date_gmt":"2025-04-09T08:51:28","guid":{"rendered":"http:\/\/festivalpalindrome.fr\/?page_id=1359"},"modified":"2025-05-19T16:00:48","modified_gmt":"2025-05-19T14:00:48","slug":"dimanche-8-juin-2025","status":"publish","type":"page","link":"https:\/\/festivalpalindrome.fr\/?page_id=1359","title":{"rendered":"2025 DIMANCHE 8 JUIN"},"content":{"rendered":"\n<h2 class=\"wp-block-heading\" style=\"text-align:center\" id=\"KoloK1\">.<\/h2>\n\n\n\n<h3 class=\"wp-block-heading\" style=\"text-align:center\" id=\"pirouette\"><strong> 14h30 : <\/strong> <strong>Pirouette, discours amoureux<\/strong><br><em> D\u2019apr\u00e8s Sarah Carr\u00e9  <\/em><\/h3>\n\n\n\n<h6 class=\"wp-block-heading\" style=\"text-align:center\">Par l\u2019atelier du coll\u00e8ge de Villard-Bonnot<\/h6>\n\n\n\n<h2 class=\"wp-block-heading\" style=\"text-align:center\" id=\"Pinocchio\">.<\/h2>\n\n\n\n<h3 class=\"wp-block-heading\" style=\"text-align:center\" id=\"th\u00e9or\u00eame\"><strong> 15h30 : <\/strong> <strong>Le Th\u00e9or\u00e8me du pissenlit<\/strong><br><em> de Yann Verburgh <\/em><\/h3>\n\n\n\n<h6 class=\"wp-block-heading\" style=\"text-align:center\">Par la Troupe 13\/15 ans des Adrets<\/h6>\n\n\n\n<p>Tao et Li-Na habitent le Village-au-Rocher. Leurs parents partis travailler \u00e0 la ville, les deux enfants vivent avec les anciens et s\u2019amusent, livr\u00e9s \u00e0 eux-m\u00eames et libres de leurs jeux.&nbsp;Le jour de ses 13 ans, Tao doit quitter le village pour la Ville-de-la-Fabrique-des-Objets-du-Monde. D\u00e9sesp\u00e9r\u00e9e, Li-Na part sur les traces de son ami et, au terme d\u2019un p\u00e9rilleux voyage, le retrouve, \u00e9puis\u00e9 par l\u2019usine. Pour d\u00e9noncer le travail ill\u00e9gal des enfants, Li-Na commet la plus fantasque des insurrections prouvant ainsi, \u00e0 l\u2019instar du pissenlit, la capacit\u00e9 de chacun \u00e0 s\u2019\u00e9panouir dans des conditions difficiles. <\/p>\n\n\n\n<h2 class=\"wp-block-heading\" style=\"text-align:center\" id=\"Pinocchio\">.<\/h2>\n\n\n\n<h3 class=\"wp-block-heading\" style=\"text-align:center\" id=\"hamsters\"><strong> 16h45 : Les&nbsp;Hamsters&nbsp;n&#8217;existent&nbsp;pas<\/strong><br><em>de Antonio Carmona<\/em><\/h3>\n\n\n\n<h6 class=\"wp-block-heading\" style=\"text-align:center\">Par la Troupe MJC Crolles<\/h6>\n\n\n\n<p>Baptiste, 7 ans, voue une passion \u00e0 son hamster Bubulle. Ses journ\u00e9es sont consacr\u00e9es \u00e0 lui cr\u00e9er des parcours d\u2019obstacles dans la maison. Le week-end, Baptiste va chez sa m\u00e8re et son nouvel amoureux, un Am\u00e9ricain champion de hula-hoop. Il confie alors son petit compagnon \u00e0 son p\u00e8re, qui n\u2019a pas l\u2019air de l\u2019appr\u00e9cier \u00e0 sa juste valeur. Une nuit, Baptiste le surprend en train de faire dispara\u00eetre Bubulle. Commence alors une enqu\u00eate p\u00e8re-fils pour retrouver le petit animal. L\u2019occasion pour eux de regagner une complicit\u00e9 perdue, mais aussi de lever le voile sur un secret familial. <\/p>\n\n\n\n<h2 class=\"wp-block-heading\" style=\"text-align:center\" id=\"Pinocchio\">.<\/h2>\n\n\n\n<div class=\"wp-block-image\"><figure class=\"aligncenter\"><img loading=\"lazy\" decoding=\"async\" width=\"1024\" height=\"468\" src=\"https:\/\/festivalpalindrome.fr\/wp-content\/uploads\/2025\/05\/spectaclespros2-1-1024x468.jpg\" alt=\"\" class=\"wp-image-1427\" srcset=\"https:\/\/festivalpalindrome.fr\/wp-content\/uploads\/2025\/05\/spectaclespros2-1-1024x468.jpg 1024w, https:\/\/festivalpalindrome.fr\/wp-content\/uploads\/2025\/05\/spectaclespros2-1-300x137.jpg 300w, https:\/\/festivalpalindrome.fr\/wp-content\/uploads\/2025\/05\/spectaclespros2-1-768x351.jpg 768w\" sizes=\"auto, (max-width: 767px) 89vw, (max-width: 1000px) 54vw, (max-width: 1071px) 543px, 580px\" \/><\/figure><\/div>\n\n\n\n<h6 class=\"wp-block-heading\" style=\"text-align:center\" id=\"bascule\">Tout public, \u00e0 partir de 10 ans<br>1h40<br>\u00c9glise de Laval  <br>TARIF &lt; 15 ans : 10 euros<br>TARIF ADULTE : 10\/12\/15 euros<\/h6>\n\n\n\n<p>Chercheur-cycliste en m\u00e9tascience, Barth\u00e9l\u00e9my Champenois a perdu son incons\u00e9quence. Tout a commenc\u00e9 le jour o\u00f9 il a ouvert ce courrier d\u2019Air France, proposant de compenser pour lui les \u00e9missions de CO2 de son vol pour New York. Il a choisi de refuser l\u2019offre pour s\u2019en charger lui-m\u00eame et s\u2019est retrouv\u00e9 embarqu\u00e9 dans une course folle \u00e0 la compensation carbone, le propulsant bien au-del\u00e0 des limites de l\u2019absurde. Nous le suivons dans sa qu\u00eate de v\u00e9rit\u00e9, ses calculs, ses doutes, ses explications scientifiques et sa folie, qui le d\u00e9posent l\u00e0, suspendu entre un pass\u00e9 qu\u2019il ne peut pas changer et un avenir qui semble difficile \u00e0 \u00e9viter. Barth\u00e9l\u00e9my cherche son chemin, entre la transformation int\u00e9rieure, l\u2019action individuelle, collective, militante, politique pour trouver des leviers \u00e0 sa port\u00e9e.<\/p>\n\n\n\n<p style=\"text-align:center\" class=\"has-text-color has-background has-very-dark-gray-color has-luminous-vivid-amber-background-color\"><strong><a href=\"https:\/\/www.helloasso.com\/associations\/theatre-au-village\/evenements\/festival-palindrome-2025-spectacle-point-de-bascule\">RESERVER<\/a><\/strong><\/p>\n\n\n\n<p class=\"has-small-font-size\"><strong>Mise en sc\u00e8ne<\/strong> J\u00e9r\u00e9my Brunet<br><strong>Interpr\u00e8te <\/strong>Nicolas Prugniel <br><strong>Cr\u00e9ation technique<\/strong> Florian Lyonne<br><strong>CNRS &#8211; UGA<\/strong> Emmanuel Cosme, Julien Delahaye, Thierry Grenet, Jean-Louis Hodeau, Didier Mayou,G\u00e9r\u00e9my Panthou, Yvonne Soldo, Th\u00e9o Vischel, Sylvie Zanier \u2026<br><strong>R\u00e9gie <\/strong>Florian Lyonne, Olivier Delahaye ou J\u00e9r\u00e9my Longaretti<br><br><br><strong>Soutiens et partenaires<\/strong> L \u2018Hexagone \u2013 Sc\u00e8ne Nationale Arts et Sciences, CNRS- Institut Neel, <br>Universit\u00e9 Grenoble Alpes, Institut des G\u00e9osciences de l\u2019Environnement, Les Cl\u00e9vos &#8211; Cit\u00e9 des savoirs, Label Ann\u00e9e de la Physique 2023\/24 \u00bb &#8211; Institut de Physique du CNRS.<\/p>\n\n\n\n<p><br><\/p>\n\n\n\n<p> <\/p>\n","protected":false},"excerpt":{"rendered":"<p>. 14h30 : Pirouette, discours amoureux D\u2019apr\u00e8s Sarah Carr\u00e9 Par l\u2019atelier du coll\u00e8ge de Villard-Bonnot . 15h30 : Le Th\u00e9or\u00e8me du pissenlit de Yann Verburgh Par la Troupe 13\/15 ans des Adrets Tao et Li-Na habitent le Village-au-Rocher. Leurs parents partis travailler \u00e0 la ville, les deux enfants vivent avec les anciens et s\u2019amusent, livr\u00e9s &hellip; <\/p>\n<p class=\"link-more\"><a href=\"https:\/\/festivalpalindrome.fr\/?page_id=1359\" class=\"more-link\">Continuer la lecture<span class=\"screen-reader-text\"> de &laquo;&nbsp;2025 DIMANCHE 8 JUIN&nbsp;&raquo;<\/span><\/a><\/p>\n","protected":false},"author":1,"featured_media":0,"parent":0,"menu_order":0,"comment_status":"closed","ping_status":"closed","template":"","meta":{"footnotes":""},"class_list":["post-1359","page","type-page","status-publish","hentry"],"_links":{"self":[{"href":"https:\/\/festivalpalindrome.fr\/index.php?rest_route=\/wp\/v2\/pages\/1359","targetHints":{"allow":["GET"]}}],"collection":[{"href":"https:\/\/festivalpalindrome.fr\/index.php?rest_route=\/wp\/v2\/pages"}],"about":[{"href":"https:\/\/festivalpalindrome.fr\/index.php?rest_route=\/wp\/v2\/types\/page"}],"author":[{"embeddable":true,"href":"https:\/\/festivalpalindrome.fr\/index.php?rest_route=\/wp\/v2\/users\/1"}],"replies":[{"embeddable":true,"href":"https:\/\/festivalpalindrome.fr\/index.php?rest_route=%2Fwp%2Fv2%2Fcomments&post=1359"}],"version-history":[{"count":11,"href":"https:\/\/festivalpalindrome.fr\/index.php?rest_route=\/wp\/v2\/pages\/1359\/revisions"}],"predecessor-version":[{"id":1588,"href":"https:\/\/festivalpalindrome.fr\/index.php?rest_route=\/wp\/v2\/pages\/1359\/revisions\/1588"}],"wp:attachment":[{"href":"https:\/\/festivalpalindrome.fr\/index.php?rest_route=%2Fwp%2Fv2%2Fmedia&parent=1359"}],"curies":[{"name":"wp","href":"https:\/\/api.w.org\/{rel}","templated":true}]}}