{"id":1357,"date":"2025-04-09T10:50:12","date_gmt":"2025-04-09T08:50:12","guid":{"rendered":"http:\/\/festivalpalindrome.fr\/?page_id=1357"},"modified":"2025-05-15T09:23:59","modified_gmt":"2025-05-15T07:23:59","slug":"lundi-9-juin-2025","status":"publish","type":"page","link":"https:\/\/festivalpalindrome.fr\/?page_id=1357","title":{"rendered":"2025 LUNDI 9 JUIN"},"content":{"rendered":"\n<figure class=\"wp-block-image\"><img loading=\"lazy\" decoding=\"async\" width=\"1024\" height=\"468\" src=\"https:\/\/festivalpalindrome.fr\/wp-content\/uploads\/2025\/05\/kolok-2-1024x468.jpg\" alt=\"\" class=\"wp-image-1431\" srcset=\"https:\/\/festivalpalindrome.fr\/wp-content\/uploads\/2025\/05\/kolok-2-1024x468.jpg 1024w, https:\/\/festivalpalindrome.fr\/wp-content\/uploads\/2025\/05\/kolok-2-300x137.jpg 300w, https:\/\/festivalpalindrome.fr\/wp-content\/uploads\/2025\/05\/kolok-2-768x351.jpg 768w\" sizes=\"auto, (max-width: 767px) 89vw, (max-width: 1000px) 54vw, (max-width: 1071px) 543px, 580px\" \/><figcaption><a href=\"https:\/\/festivalpalindrome.fr\/?page_id=1342\">Plus d&#8217;informations.<\/a><\/figcaption><\/figure>\n\n\n\n<p style=\"text-align:center\"> .<\/p>\n\n\n\n<h3 class=\"wp-block-heading\" style=\"text-align:center\" id=\"fid\u00e8les\"><strong> 14h30 : <\/strong> <strong>Fid\u00e8les au poste !<\/strong><br><em> de Antoine Quirion  <\/em><\/h3>\n\n\n\n<h6 class=\"wp-block-heading\" style=\"text-align:center\">Par la Troupe Palindrome<\/h6>\n\n\n\n<p>80 ans de la lib\u00e9ration : la troupe du lyc\u00e9e local pr\u00e9sente un \u00ab spectacle th\u00e9\u00e2tral d\u2019ampleur \u00bb en l\u2019honneur des jeunes r\u00e9sistants. Une heure avant, le prof organise donc l\u2019ultime r\u00e9p\u00e9tition, \u00e0 renforts de figurants, pour accompagner une troupe tr\u00e8s in\u00e9galement motiv\u00e9e. Mais Pierre, jeune d\u00e9sabus\u00e9, casse par erreur le poste radio du spectacle et n\u2019a alors plus qu\u2019une heure pour le remettre en \u00e9tat.<br> <br>C\u2019\u00e9tait sans compter sur le fait que, ainsi ab\u00eem\u00e9e, la radio ne se d\u00e9traque et fasse jouer les ondes \u00e0 travers le temps. Elles vont alors conduire le jeune homme sur la route de son histoire familiale et le relier, petit \u00e0 petit, aux \u00e9v\u00e9nements de 1944. Le jeune saura-t-il puiser dans ce pass\u00e9 la force pour aujourd\u2019hui s\u2019engager ? Mais surtout : le public pourra-t-il se contenter d\u2019\u00eatre simple figurant ? <\/p>\n\n\n\n<p style=\"text-align:center\"> .<\/p>\n\n\n\n<h3 class=\"wp-block-heading\" style=\"text-align:center\" id=\"chantier\"><strong> 15h45 : Fin&nbsp;de&nbsp;chantier<\/strong><br>Restitution du S\u00e9jour Cr\u00e9ation du festival<\/h3>\n\n\n\n<p><br><\/p>\n\n\n\n<p><br><\/p>\n\n\n\n<p> <\/p>\n","protected":false},"excerpt":{"rendered":"<p>. 14h30 : Fid\u00e8les au poste ! de Antoine Quirion Par la Troupe Palindrome 80 ans de la lib\u00e9ration : la troupe du lyc\u00e9e local pr\u00e9sente un \u00ab spectacle th\u00e9\u00e2tral d\u2019ampleur \u00bb en l\u2019honneur des jeunes r\u00e9sistants. Une heure avant, le prof organise donc l\u2019ultime r\u00e9p\u00e9tition, \u00e0 renforts de figurants, pour accompagner une troupe tr\u00e8s &hellip; <\/p>\n<p class=\"link-more\"><a href=\"https:\/\/festivalpalindrome.fr\/?page_id=1357\" class=\"more-link\">Continuer la lecture<span class=\"screen-reader-text\"> de &laquo;&nbsp;2025 LUNDI 9 JUIN&nbsp;&raquo;<\/span><\/a><\/p>\n","protected":false},"author":1,"featured_media":0,"parent":0,"menu_order":0,"comment_status":"closed","ping_status":"closed","template":"","meta":{"footnotes":""},"class_list":["post-1357","page","type-page","status-publish","hentry"],"_links":{"self":[{"href":"https:\/\/festivalpalindrome.fr\/index.php?rest_route=\/wp\/v2\/pages\/1357","targetHints":{"allow":["GET"]}}],"collection":[{"href":"https:\/\/festivalpalindrome.fr\/index.php?rest_route=\/wp\/v2\/pages"}],"about":[{"href":"https:\/\/festivalpalindrome.fr\/index.php?rest_route=\/wp\/v2\/types\/page"}],"author":[{"embeddable":true,"href":"https:\/\/festivalpalindrome.fr\/index.php?rest_route=\/wp\/v2\/users\/1"}],"replies":[{"embeddable":true,"href":"https:\/\/festivalpalindrome.fr\/index.php?rest_route=%2Fwp%2Fv2%2Fcomments&post=1357"}],"version-history":[{"count":7,"href":"https:\/\/festivalpalindrome.fr\/index.php?rest_route=\/wp\/v2\/pages\/1357\/revisions"}],"predecessor-version":[{"id":1551,"href":"https:\/\/festivalpalindrome.fr\/index.php?rest_route=\/wp\/v2\/pages\/1357\/revisions\/1551"}],"wp:attachment":[{"href":"https:\/\/festivalpalindrome.fr\/index.php?rest_route=%2Fwp%2Fv2%2Fmedia&parent=1357"}],"curies":[{"name":"wp","href":"https:\/\/api.w.org\/{rel}","templated":true}]}}