{"id":1353,"date":"2025-04-09T10:48:36","date_gmt":"2025-04-09T08:48:36","guid":{"rendered":"http:\/\/festivalpalindrome.fr\/?page_id=1353"},"modified":"2025-05-15T09:36:00","modified_gmt":"2025-05-15T07:36:00","slug":"sejour-ecriture-2025","status":"publish","type":"page","link":"https:\/\/festivalpalindrome.fr\/?page_id=1353","title":{"rendered":"2025 S\u00e9jour de cr\u00e9ation th\u00e9\u00e2trale"},"content":{"rendered":"\n<ul class=\"wp-block-gallery columns-1 is-cropped wp-block-gallery-1 is-layout-flex wp-block-gallery-is-layout-flex\"><li class=\"blocks-gallery-item\"><figure><img loading=\"lazy\" decoding=\"async\" width=\"722\" height=\"1024\" src=\"https:\/\/festivalpalindrome.fr\/wp-content\/uploads\/2025\/05\/FlyerSejourPalindrome-2025-1-722x1024.jpg\" alt=\"\" data-id=\"1434\" data-link=\"https:\/\/festivalpalindrome.fr\/?attachment_id=1434\" class=\"wp-image-1434\" srcset=\"https:\/\/festivalpalindrome.fr\/wp-content\/uploads\/2025\/05\/FlyerSejourPalindrome-2025-1-722x1024.jpg 722w, https:\/\/festivalpalindrome.fr\/wp-content\/uploads\/2025\/05\/FlyerSejourPalindrome-2025-1-211x300.jpg 211w, https:\/\/festivalpalindrome.fr\/wp-content\/uploads\/2025\/05\/FlyerSejourPalindrome-2025-1-768x1090.jpg 768w, https:\/\/festivalpalindrome.fr\/wp-content\/uploads\/2025\/05\/FlyerSejourPalindrome-2025-1.jpg 1748w\" sizes=\"auto, (max-width: 722px) 100vw, 722px\" \/><\/figure><\/li><\/ul>\n\n\n\n<ul class=\"wp-block-gallery columns-1 is-cropped wp-block-gallery-2 is-layout-flex wp-block-gallery-is-layout-flex\"><li class=\"blocks-gallery-item\"><figure><img loading=\"lazy\" decoding=\"async\" width=\"722\" height=\"1024\" src=\"https:\/\/festivalpalindrome.fr\/wp-content\/uploads\/2025\/05\/FlyerSejourPalindrome-2025-2-722x1024.jpg\" alt=\"\" data-id=\"1435\" data-link=\"https:\/\/festivalpalindrome.fr\/?attachment_id=1435\" class=\"wp-image-1435\" srcset=\"https:\/\/festivalpalindrome.fr\/wp-content\/uploads\/2025\/05\/FlyerSejourPalindrome-2025-2-722x1024.jpg 722w, https:\/\/festivalpalindrome.fr\/wp-content\/uploads\/2025\/05\/FlyerSejourPalindrome-2025-2-211x300.jpg 211w, https:\/\/festivalpalindrome.fr\/wp-content\/uploads\/2025\/05\/FlyerSejourPalindrome-2025-2-768x1090.jpg 768w, https:\/\/festivalpalindrome.fr\/wp-content\/uploads\/2025\/05\/FlyerSejourPalindrome-2025-2.jpg 1748w\" sizes=\"auto, (max-width: 722px) 100vw, 722px\" \/><\/figure><\/li><\/ul>\n","protected":false},"excerpt":{"rendered":"","protected":false},"author":1,"featured_media":0,"parent":0,"menu_order":0,"comment_status":"closed","ping_status":"closed","template":"","meta":{"footnotes":""},"class_list":["post-1353","page","type-page","status-publish","hentry"],"_links":{"self":[{"href":"https:\/\/festivalpalindrome.fr\/index.php?rest_route=\/wp\/v2\/pages\/1353","targetHints":{"allow":["GET"]}}],"collection":[{"href":"https:\/\/festivalpalindrome.fr\/index.php?rest_route=\/wp\/v2\/pages"}],"about":[{"href":"https:\/\/festivalpalindrome.fr\/index.php?rest_route=\/wp\/v2\/types\/page"}],"author":[{"embeddable":true,"href":"https:\/\/festivalpalindrome.fr\/index.php?rest_route=\/wp\/v2\/users\/1"}],"replies":[{"embeddable":true,"href":"https:\/\/festivalpalindrome.fr\/index.php?rest_route=%2Fwp%2Fv2%2Fcomments&post=1353"}],"version-history":[{"count":4,"href":"https:\/\/festivalpalindrome.fr\/index.php?rest_route=\/wp\/v2\/pages\/1353\/revisions"}],"predecessor-version":[{"id":1562,"href":"https:\/\/festivalpalindrome.fr\/index.php?rest_route=\/wp\/v2\/pages\/1353\/revisions\/1562"}],"wp:attachment":[{"href":"https:\/\/festivalpalindrome.fr\/index.php?rest_route=%2Fwp%2Fv2%2Fmedia&parent=1353"}],"curies":[{"name":"wp","href":"https:\/\/api.w.org\/{rel}","templated":true}]}}