{"id":1343,"date":"2025-04-09T10:45:17","date_gmt":"2025-04-09T08:45:17","guid":{"rendered":"http:\/\/festivalpalindrome.fr\/?page_id=1343"},"modified":"2025-05-15T09:23:56","modified_gmt":"2025-05-15T07:23:56","slug":"des-spectacles-de-jeunes-2025","status":"publish","type":"page","link":"https:\/\/festivalpalindrome.fr\/?page_id=1343","title":{"rendered":"Des spectacles par les jeunes"},"content":{"rendered":"\n<div class=\"wp-block-media-text alignwide\" style=\"grid-template-columns:24% auto\"><figure class=\"wp-block-media-text__media\"><img loading=\"lazy\" decoding=\"async\" width=\"1024\" height=\"1024\" src=\"http:\/\/festivalpalindrome.fr\/wp-content\/uploads\/2025\/05\/troupes-1024x1024.jpg\" alt=\"\" class=\"wp-image-1439\" srcset=\"https:\/\/festivalpalindrome.fr\/wp-content\/uploads\/2025\/05\/troupes-1024x1024.jpg 1024w, https:\/\/festivalpalindrome.fr\/wp-content\/uploads\/2025\/05\/troupes-150x150.jpg 150w, https:\/\/festivalpalindrome.fr\/wp-content\/uploads\/2025\/05\/troupes-300x300.jpg 300w, https:\/\/festivalpalindrome.fr\/wp-content\/uploads\/2025\/05\/troupes-768x768.jpg 768w, https:\/\/festivalpalindrome.fr\/wp-content\/uploads\/2025\/05\/troupes-100x100.jpg 100w, https:\/\/festivalpalindrome.fr\/wp-content\/uploads\/2025\/05\/troupes.jpg 1875w\" sizes=\"auto, (max-width: 767px) 89vw, (max-width: 1000px) 54vw, (max-width: 1071px) 543px, 580px\" \/><\/figure><div class=\"wp-block-media-text__content\">\n<p class=\"has-medium-font-size\"><strong><a href=\"http:\/\/festivalpalindrome.fr\/?page_id=1351\/#ouverture\">Spectacle d&#8217;ouverture<\/a><\/strong><br><\/p>\n<\/div><\/div>\n\n\n\n<div class=\"wp-block-media-text alignwide\" style=\"grid-template-columns:25% auto\"><figure class=\"wp-block-media-text__media\"><img loading=\"lazy\" decoding=\"async\" width=\"1024\" height=\"1024\" src=\"http:\/\/festivalpalindrome.fr\/wp-content\/uploads\/2025\/05\/troupes2-1024x1024.jpg\" alt=\"\" class=\"wp-image-1440\" srcset=\"https:\/\/festivalpalindrome.fr\/wp-content\/uploads\/2025\/05\/troupes2-1024x1024.jpg 1024w, https:\/\/festivalpalindrome.fr\/wp-content\/uploads\/2025\/05\/troupes2-150x150.jpg 150w, https:\/\/festivalpalindrome.fr\/wp-content\/uploads\/2025\/05\/troupes2-300x300.jpg 300w, https:\/\/festivalpalindrome.fr\/wp-content\/uploads\/2025\/05\/troupes2-768x768.jpg 768w, https:\/\/festivalpalindrome.fr\/wp-content\/uploads\/2025\/05\/troupes2-100x100.jpg 100w, https:\/\/festivalpalindrome.fr\/wp-content\/uploads\/2025\/05\/troupes2.jpg 1875w\" sizes=\"auto, (max-width: 767px) 89vw, (max-width: 1000px) 54vw, (max-width: 1071px) 543px, 580px\" \/><\/figure><div class=\"wp-block-media-text__content\">\n<p style=\"text-align:left\" class=\"has-medium-font-size\"><strong><a href=\"http:\/\/festivalpalindrome.fr\/?page_id=1351\/#lecture\">Lecture en cour(s) &#8211; de r\u00e9cr\u00e9 &#8211;<br><\/a><\/strong>Restitution d\u2019atelier \u00e9criture<\/p>\n<\/div><\/div>\n\n\n\n<div class=\"wp-block-media-text alignwide\" style=\"grid-template-columns:25% auto\"><figure class=\"wp-block-media-text__media\"><img loading=\"lazy\" decoding=\"async\" width=\"1024\" height=\"1024\" src=\"http:\/\/festivalpalindrome.fr\/wp-content\/uploads\/2025\/05\/troupes9-1024x1024.jpg\" alt=\"\" class=\"wp-image-1447\" srcset=\"https:\/\/festivalpalindrome.fr\/wp-content\/uploads\/2025\/05\/troupes9-1024x1024.jpg 1024w, https:\/\/festivalpalindrome.fr\/wp-content\/uploads\/2025\/05\/troupes9-150x150.jpg 150w, https:\/\/festivalpalindrome.fr\/wp-content\/uploads\/2025\/05\/troupes9-300x300.jpg 300w, https:\/\/festivalpalindrome.fr\/wp-content\/uploads\/2025\/05\/troupes9-768x768.jpg 768w, https:\/\/festivalpalindrome.fr\/wp-content\/uploads\/2025\/05\/troupes9-100x100.jpg 100w, https:\/\/festivalpalindrome.fr\/wp-content\/uploads\/2025\/05\/troupes9.jpg 1875w\" sizes=\"auto, (max-width: 767px) 89vw, (max-width: 1000px) 54vw, (max-width: 1071px) 543px, 580px\" \/><\/figure><div class=\"wp-block-media-text__content\">\n<p class=\"has-medium-font-size\"><strong><a href=\"http:\/\/festivalpalindrome.fr\/?page_id=1351\/#Romjul\">Hashtag Romjul<br><\/a><\/strong>de Nicolas F. Vargas<\/p>\n<\/div><\/div>\n\n\n\n<div class=\"wp-block-media-text alignwide\" style=\"grid-template-columns:25% auto\"><figure class=\"wp-block-media-text__media\"><img loading=\"lazy\" decoding=\"async\" width=\"1024\" height=\"1024\" src=\"http:\/\/festivalpalindrome.fr\/wp-content\/uploads\/2025\/05\/troupes3-1024x1024.jpg\" alt=\"\" class=\"wp-image-1441\" srcset=\"https:\/\/festivalpalindrome.fr\/wp-content\/uploads\/2025\/05\/troupes3-1024x1024.jpg 1024w, https:\/\/festivalpalindrome.fr\/wp-content\/uploads\/2025\/05\/troupes3-150x150.jpg 150w, https:\/\/festivalpalindrome.fr\/wp-content\/uploads\/2025\/05\/troupes3-300x300.jpg 300w, https:\/\/festivalpalindrome.fr\/wp-content\/uploads\/2025\/05\/troupes3-768x768.jpg 768w, https:\/\/festivalpalindrome.fr\/wp-content\/uploads\/2025\/05\/troupes3-100x100.jpg 100w, https:\/\/festivalpalindrome.fr\/wp-content\/uploads\/2025\/05\/troupes3.jpg 1875w\" sizes=\"auto, (max-width: 767px) 89vw, (max-width: 1000px) 54vw, (max-width: 1071px) 543px, 580px\" \/><\/figure><div class=\"wp-block-media-text__content\">\n<p class=\"has-medium-font-size\"><strong><a href=\"http:\/\/festivalpalindrome.fr\/?page_id=1351\/#vilains-petits\">Les Vilains petits<br><\/a><\/strong>de Catherine Verlaguet <\/p>\n<\/div><\/div>\n\n\n\n<div class=\"wp-block-media-text alignwide\" style=\"grid-template-columns:25% auto\"><figure class=\"wp-block-media-text__media\"><img loading=\"lazy\" decoding=\"async\" width=\"1024\" height=\"1024\" src=\"http:\/\/festivalpalindrome.fr\/wp-content\/uploads\/2025\/05\/troupes4-1024x1024.jpg\" alt=\"\" class=\"wp-image-1442\" srcset=\"https:\/\/festivalpalindrome.fr\/wp-content\/uploads\/2025\/05\/troupes4-1024x1024.jpg 1024w, https:\/\/festivalpalindrome.fr\/wp-content\/uploads\/2025\/05\/troupes4-150x150.jpg 150w, https:\/\/festivalpalindrome.fr\/wp-content\/uploads\/2025\/05\/troupes4-300x300.jpg 300w, https:\/\/festivalpalindrome.fr\/wp-content\/uploads\/2025\/05\/troupes4-768x768.jpg 768w, https:\/\/festivalpalindrome.fr\/wp-content\/uploads\/2025\/05\/troupes4-100x100.jpg 100w, https:\/\/festivalpalindrome.fr\/wp-content\/uploads\/2025\/05\/troupes4.jpg 1875w\" sizes=\"auto, (max-width: 767px) 89vw, (max-width: 1000px) 54vw, (max-width: 1071px) 543px, 580px\" \/><\/figure><div class=\"wp-block-media-text__content\">\n<p class=\"has-medium-font-size\"><strong><a href=\"http:\/\/festivalpalindrome.fr\/?page_id=1351\/#for\u00eat\">La For\u00eat des possibles<\/a><br><\/strong>de Andr\u00e9anne Joubert<\/p>\n<\/div><\/div>\n\n\n\n<div class=\"wp-block-media-text alignwide\" style=\"grid-template-columns:25% auto\"><figure class=\"wp-block-media-text__media\"><img loading=\"lazy\" decoding=\"async\" width=\"1024\" height=\"1024\" src=\"http:\/\/festivalpalindrome.fr\/wp-content\/uploads\/2025\/05\/troupes2-1024x1024.jpg\" alt=\"\" class=\"wp-image-1440\" srcset=\"https:\/\/festivalpalindrome.fr\/wp-content\/uploads\/2025\/05\/troupes2-1024x1024.jpg 1024w, https:\/\/festivalpalindrome.fr\/wp-content\/uploads\/2025\/05\/troupes2-150x150.jpg 150w, https:\/\/festivalpalindrome.fr\/wp-content\/uploads\/2025\/05\/troupes2-300x300.jpg 300w, https:\/\/festivalpalindrome.fr\/wp-content\/uploads\/2025\/05\/troupes2-768x768.jpg 768w, https:\/\/festivalpalindrome.fr\/wp-content\/uploads\/2025\/05\/troupes2-100x100.jpg 100w, https:\/\/festivalpalindrome.fr\/wp-content\/uploads\/2025\/05\/troupes2.jpg 1875w\" sizes=\"auto, (max-width: 767px) 89vw, (max-width: 1000px) 54vw, (max-width: 1071px) 543px, 580px\" \/><\/figure><div class=\"wp-block-media-text__content\">\n<p class=\"has-medium-font-size\"><strong><a href=\"http:\/\/festivalpalindrome.fr\/?page_id=1359\/#pirouette\">Pirouette, discours amoureux<\/a><br><\/strong>D\u2019apr\u00e8s Sarah Carr\u00e9 <\/p>\n<\/div><\/div>\n\n\n\n<div class=\"wp-block-media-text alignwide\" style=\"grid-template-columns:25% auto\"><figure class=\"wp-block-media-text__media\"><img loading=\"lazy\" decoding=\"async\" width=\"1024\" height=\"1024\" src=\"http:\/\/festivalpalindrome.fr\/wp-content\/uploads\/2025\/05\/troupes5-1024x1024.jpg\" alt=\"\" class=\"wp-image-1443\" srcset=\"https:\/\/festivalpalindrome.fr\/wp-content\/uploads\/2025\/05\/troupes5-1024x1024.jpg 1024w, https:\/\/festivalpalindrome.fr\/wp-content\/uploads\/2025\/05\/troupes5-150x150.jpg 150w, https:\/\/festivalpalindrome.fr\/wp-content\/uploads\/2025\/05\/troupes5-300x300.jpg 300w, https:\/\/festivalpalindrome.fr\/wp-content\/uploads\/2025\/05\/troupes5-768x768.jpg 768w, https:\/\/festivalpalindrome.fr\/wp-content\/uploads\/2025\/05\/troupes5-100x100.jpg 100w, https:\/\/festivalpalindrome.fr\/wp-content\/uploads\/2025\/05\/troupes5.jpg 1875w\" sizes=\"auto, (max-width: 767px) 89vw, (max-width: 1000px) 54vw, (max-width: 1071px) 543px, 580px\" \/><\/figure><div class=\"wp-block-media-text__content\">\n<p class=\"has-medium-font-size\"><strong><a href=\"http:\/\/festivalpalindrome.fr\/?page_id=1359\/#th\u00e9or\u00eame\">Le Th\u00e9or\u00e8me du pissenlit<\/a><br><\/strong>de Yann Verburgh<\/p>\n<\/div><\/div>\n\n\n\n<div class=\"wp-block-media-text alignwide\" style=\"grid-template-columns:25% auto\"><figure class=\"wp-block-media-text__media\"><img loading=\"lazy\" decoding=\"async\" width=\"1024\" height=\"1024\" src=\"http:\/\/festivalpalindrome.fr\/wp-content\/uploads\/2025\/05\/troupes6-1024x1024.jpg\" alt=\"\" class=\"wp-image-1444\" srcset=\"https:\/\/festivalpalindrome.fr\/wp-content\/uploads\/2025\/05\/troupes6-1024x1024.jpg 1024w, https:\/\/festivalpalindrome.fr\/wp-content\/uploads\/2025\/05\/troupes6-150x150.jpg 150w, https:\/\/festivalpalindrome.fr\/wp-content\/uploads\/2025\/05\/troupes6-300x300.jpg 300w, https:\/\/festivalpalindrome.fr\/wp-content\/uploads\/2025\/05\/troupes6-768x768.jpg 768w, https:\/\/festivalpalindrome.fr\/wp-content\/uploads\/2025\/05\/troupes6-100x100.jpg 100w, https:\/\/festivalpalindrome.fr\/wp-content\/uploads\/2025\/05\/troupes6.jpg 1875w\" sizes=\"auto, (max-width: 767px) 89vw, (max-width: 1000px) 54vw, (max-width: 1071px) 543px, 580px\" \/><\/figure><div class=\"wp-block-media-text__content\">\n<p class=\"has-medium-font-size\"><strong><a href=\"http:\/\/festivalpalindrome.fr\/?page_id=1359\/#hamsters\">Les Hamsters n\u2019existent pas<\/a><br><\/strong>de Antonio Carmona<\/p>\n<\/div><\/div>\n\n\n\n<div class=\"wp-block-media-text alignwide\" style=\"grid-template-columns:25% auto\"><figure class=\"wp-block-media-text__media\"><img loading=\"lazy\" decoding=\"async\" width=\"1024\" height=\"1024\" src=\"http:\/\/festivalpalindrome.fr\/wp-content\/uploads\/2025\/05\/troupes7-1024x1024.jpg\" alt=\"\" class=\"wp-image-1445\" srcset=\"https:\/\/festivalpalindrome.fr\/wp-content\/uploads\/2025\/05\/troupes7-1024x1024.jpg 1024w, https:\/\/festivalpalindrome.fr\/wp-content\/uploads\/2025\/05\/troupes7-150x150.jpg 150w, https:\/\/festivalpalindrome.fr\/wp-content\/uploads\/2025\/05\/troupes7-300x300.jpg 300w, https:\/\/festivalpalindrome.fr\/wp-content\/uploads\/2025\/05\/troupes7-768x768.jpg 768w, https:\/\/festivalpalindrome.fr\/wp-content\/uploads\/2025\/05\/troupes7-100x100.jpg 100w, https:\/\/festivalpalindrome.fr\/wp-content\/uploads\/2025\/05\/troupes7.jpg 1875w\" sizes=\"auto, (max-width: 767px) 89vw, (max-width: 1000px) 54vw, (max-width: 1071px) 543px, 580px\" \/><\/figure><div class=\"wp-block-media-text__content\">\n<p class=\"has-medium-font-size\"><strong><a href=\"http:\/\/festivalpalindrome.fr\/?page_id=1357\/#fid\u00e8les\">Fid\u00e8les au poste !<\/a><br><\/strong>de Antoine Quirion <br><\/p>\n<\/div><\/div>\n\n\n\n<div class=\"wp-block-media-text alignwide\" style=\"grid-template-columns:25% auto\"><figure class=\"wp-block-media-text__media\"><img loading=\"lazy\" decoding=\"async\" width=\"1024\" height=\"1024\" src=\"http:\/\/festivalpalindrome.fr\/wp-content\/uploads\/2025\/05\/troupes8-1024x1024.jpg\" alt=\"\" class=\"wp-image-1446\" srcset=\"https:\/\/festivalpalindrome.fr\/wp-content\/uploads\/2025\/05\/troupes8-1024x1024.jpg 1024w, https:\/\/festivalpalindrome.fr\/wp-content\/uploads\/2025\/05\/troupes8-150x150.jpg 150w, https:\/\/festivalpalindrome.fr\/wp-content\/uploads\/2025\/05\/troupes8-300x300.jpg 300w, https:\/\/festivalpalindrome.fr\/wp-content\/uploads\/2025\/05\/troupes8-768x768.jpg 768w, https:\/\/festivalpalindrome.fr\/wp-content\/uploads\/2025\/05\/troupes8-100x100.jpg 100w, https:\/\/festivalpalindrome.fr\/wp-content\/uploads\/2025\/05\/troupes8.jpg 1875w\" sizes=\"auto, (max-width: 767px) 89vw, (max-width: 1000px) 54vw, (max-width: 1071px) 543px, 580px\" \/><\/figure><div class=\"wp-block-media-text__content\">\n<p class=\"has-medium-font-size\"><strong><a href=\"https:\/\/festivalpalindrome.fr\/?page_id=1353\">Fin de chantier<\/a><br><\/strong>Restitution du S\u00e9jour Cr\u00e9ation du festival<\/p>\n<\/div><\/div>\n","protected":false},"excerpt":{"rendered":"<p>Spectacle d&#8217;ouverture Lecture en cour(s) &#8211; de r\u00e9cr\u00e9 &#8211;Restitution d\u2019atelier \u00e9criture Hashtag Romjulde Nicolas F. Vargas Les Vilains petitsde Catherine Verlaguet La For\u00eat des possiblesde Andr\u00e9anne Joubert Pirouette, discours amoureuxD\u2019apr\u00e8s Sarah Carr\u00e9 Le Th\u00e9or\u00e8me du pissenlitde Yann Verburgh Les Hamsters n\u2019existent pasde Antonio Carmona Fid\u00e8les au poste !de Antoine Quirion Fin de chantierRestitution du S\u00e9jour &hellip; <\/p>\n<p class=\"link-more\"><a href=\"https:\/\/festivalpalindrome.fr\/?page_id=1343\" class=\"more-link\">Continuer la lecture<span class=\"screen-reader-text\"> de &laquo;&nbsp;Des spectacles par les jeunes&nbsp;&raquo;<\/span><\/a><\/p>\n","protected":false},"author":1,"featured_media":0,"parent":0,"menu_order":0,"comment_status":"closed","ping_status":"closed","template":"","meta":{"footnotes":""},"class_list":["post-1343","page","type-page","status-publish","hentry"],"_links":{"self":[{"href":"https:\/\/festivalpalindrome.fr\/index.php?rest_route=\/wp\/v2\/pages\/1343","targetHints":{"allow":["GET"]}}],"collection":[{"href":"https:\/\/festivalpalindrome.fr\/index.php?rest_route=\/wp\/v2\/pages"}],"about":[{"href":"https:\/\/festivalpalindrome.fr\/index.php?rest_route=\/wp\/v2\/types\/page"}],"author":[{"embeddable":true,"href":"https:\/\/festivalpalindrome.fr\/index.php?rest_route=\/wp\/v2\/users\/1"}],"replies":[{"embeddable":true,"href":"https:\/\/festivalpalindrome.fr\/index.php?rest_route=%2Fwp%2Fv2%2Fcomments&post=1343"}],"version-history":[{"count":19,"href":"https:\/\/festivalpalindrome.fr\/index.php?rest_route=\/wp\/v2\/pages\/1343\/revisions"}],"predecessor-version":[{"id":1549,"href":"https:\/\/festivalpalindrome.fr\/index.php?rest_route=\/wp\/v2\/pages\/1343\/revisions\/1549"}],"wp:attachment":[{"href":"https:\/\/festivalpalindrome.fr\/index.php?rest_route=%2Fwp%2Fv2%2Fmedia&parent=1343"}],"curies":[{"name":"wp","href":"https:\/\/api.w.org\/{rel}","templated":true}]}}