{"id":1342,"date":"2025-04-09T10:44:23","date_gmt":"2025-04-09T08:44:23","guid":{"rendered":"http:\/\/festivalpalindrome.fr\/?page_id=1342"},"modified":"2025-05-15T09:35:08","modified_gmt":"2025-05-15T07:35:08","slug":"kolok-palindrome-2025","status":"publish","type":"page","link":"https:\/\/festivalpalindrome.fr\/?page_id=1342","title":{"rendered":"2025 KoloK Palindrome"},"content":{"rendered":"\n<div class=\"wp-block-image\"><figure class=\"aligncenter\"><img loading=\"lazy\" decoding=\"async\" width=\"1024\" height=\"468\" src=\"http:\/\/festivalpalindrome.fr\/wp-content\/uploads\/2025\/05\/kolok-1-1024x468.jpg\" alt=\"\" class=\"wp-image-1401\" srcset=\"https:\/\/festivalpalindrome.fr\/wp-content\/uploads\/2025\/05\/kolok-1-1024x468.jpg 1024w, https:\/\/festivalpalindrome.fr\/wp-content\/uploads\/2025\/05\/kolok-1-300x137.jpg 300w, https:\/\/festivalpalindrome.fr\/wp-content\/uploads\/2025\/05\/kolok-1-768x351.jpg 768w\" sizes=\"auto, (max-width: 767px) 89vw, (max-width: 1000px) 54vw, (max-width: 1071px) 543px, 580px\" \/><\/figure><\/div>\n\n\n\n<h3 class=\"wp-block-heading\" style=\"text-align:center\">L\u2019adresse \u00e0 la jeunesse&nbsp;: quelles formes  d\u2019engagement&nbsp;aujourd\u2019hui&nbsp;? <\/h3>\n\n\n\n<p>Lors du festival Palindrome de 2024, deux tables rondes ont \u00e9t\u00e9 l\u2019occasion d\u2019un croisement de paroles autour des formes d\u2019engagement \u00e0 l\u2019\u0153uvre dans le th\u00e9\u00e2tre jeunesse et jeune public. Cette ann\u00e9e 2025 sera l\u2019occasion de reprendre le fil de ces \u00e9changes, en s\u2019appuyant sur le th\u00e9\u00e2tre de Catherine Verlaguet.<\/p>\n\n\n\n<p>Le r\u00e9pertoire de th\u00e9\u00e2tre jeunesse (dans les maisons d\u2019\u00e9dition) et l\u2019ensemble du th\u00e9\u00e2tre jeune public (sur les sc\u00e8nes) sont en France d\u2019une grande et belle vitalit\u00e9 depuis plus d\u2019une trentaine d\u2019ann\u00e9es, gr\u00e2ce \u00e0 un terreau tr\u00e8s vivace d\u2019\u00e9ducation artistique et culturelle, scolaire et p\u00e9riscolaire. Le Festival Palindrome en est une manifestation. Mais le d\u00e9veloppement de l\u2019adresse \u00e0 la jeunesse n\u2019est pas sans poser des questions aux adultes, institutions, cr\u00e9ateur.ices, <br>\nenseignant.es\u2026 <\/p>\n\n\n\n<p>Comme la recherche l\u2019a montr\u00e9, les th\u00e9matiques abord\u00e9es par l\u2019\u00e9criture, l\u2019\u00e9dition, la mise en sc\u00e8ne concernent tout autant les adultes que les enfants et les jeunes. Mais les adultes peuvent redouter la grande libert\u00e9 de cette parole. Jusqu\u2019o\u00f9 peut aller la parole sur le monde tel qu\u2019il est&nbsp;? Quelles formes de censure, auto-censure&nbsp;? Quelles formes d\u2019inventivit\u00e9 pour aborder certains sujets sensibles&nbsp;?<\/p>\n\n\n\n<p>Cette table ronde r\u00e9unira divers acteur.ices de l\u2019adresse \u00e0 la jeunesse qui d\u00e9battront \u00e0 partir de leurs exp\u00e9riences multiples dans ce domaine&nbsp;: \u00e9criture, jeu, mise en sc\u00e8ne, \u00e9dition, enseignement, animation\u2026 <\/p>\n\n\n\n<h2 class=\"wp-block-heading\" style=\"text-align:center\">Intervenantes<\/h2>\n\n\n\n<p style=\"text-align:center\">Anim\u00e9 par <strong>Marie Bernanoce<\/strong>, <br>Professeur \u00e9m\u00e9rite de l\u2019Universit\u00e9 Grenoble Alpes, <br>sp\u00e9cialiste de th\u00e9\u00e2tre jeunesse, auteure, <br>pr\u00e9sidente de Th\u00e9\u00e2tre \u00c0 la Page, vice-pr\u00e9sidente de l\u2019ANRAT, <br> <br>en pr\u00e9sence de <strong>Catherine Verlaguet<\/strong>, <br>autrice th\u00e9\u00e2tre jeunesse, <br> marraine du Festival Palindrome 2025, <br><br> <strong>Perrine Cadic<\/strong>, <br>enseignante de lettres et de l\u2019option facultative th\u00e9\u00e2tre, <br>Lyc\u00e9e Pierre du Terrail \u00e0 Pontcharra,<br><br> <strong>Sabine Revillet<\/strong>, autrice, <br>pr\u00e9sidente de LSA, les Sc\u00e8nes Appartag\u00e9es,<br><br> et <strong>Mahault Bouticourt<\/strong>, co-directrice des \u00c9ditions Th\u00e9\u00e2trales. <\/p>\n\n\n\n<p><br><\/p>\n","protected":false},"excerpt":{"rendered":"<p>L\u2019adresse \u00e0 la jeunesse&nbsp;: quelles formes d\u2019engagement&nbsp;aujourd\u2019hui&nbsp;? Lors du festival Palindrome de 2024, deux tables rondes ont \u00e9t\u00e9 l\u2019occasion d\u2019un croisement de paroles autour des formes d\u2019engagement \u00e0 l\u2019\u0153uvre dans le th\u00e9\u00e2tre jeunesse et jeune public. Cette ann\u00e9e 2025 sera l\u2019occasion de reprendre le fil de ces \u00e9changes, en s\u2019appuyant sur le th\u00e9\u00e2tre de Catherine &hellip; <\/p>\n<p class=\"link-more\"><a href=\"https:\/\/festivalpalindrome.fr\/?page_id=1342\" class=\"more-link\">Continuer la lecture<span class=\"screen-reader-text\"> de &laquo;&nbsp;2025 KoloK Palindrome&nbsp;&raquo;<\/span><\/a><\/p>\n","protected":false},"author":1,"featured_media":0,"parent":0,"menu_order":0,"comment_status":"closed","ping_status":"closed","template":"","meta":{"footnotes":""},"class_list":["post-1342","page","type-page","status-publish","hentry"],"_links":{"self":[{"href":"https:\/\/festivalpalindrome.fr\/index.php?rest_route=\/wp\/v2\/pages\/1342","targetHints":{"allow":["GET"]}}],"collection":[{"href":"https:\/\/festivalpalindrome.fr\/index.php?rest_route=\/wp\/v2\/pages"}],"about":[{"href":"https:\/\/festivalpalindrome.fr\/index.php?rest_route=\/wp\/v2\/types\/page"}],"author":[{"embeddable":true,"href":"https:\/\/festivalpalindrome.fr\/index.php?rest_route=\/wp\/v2\/users\/1"}],"replies":[{"embeddable":true,"href":"https:\/\/festivalpalindrome.fr\/index.php?rest_route=%2Fwp%2Fv2%2Fcomments&post=1342"}],"version-history":[{"count":5,"href":"https:\/\/festivalpalindrome.fr\/index.php?rest_route=\/wp\/v2\/pages\/1342\/revisions"}],"predecessor-version":[{"id":1559,"href":"https:\/\/festivalpalindrome.fr\/index.php?rest_route=\/wp\/v2\/pages\/1342\/revisions\/1559"}],"wp:attachment":[{"href":"https:\/\/festivalpalindrome.fr\/index.php?rest_route=%2Fwp%2Fv2%2Fmedia&parent=1342"}],"curies":[{"name":"wp","href":"https:\/\/api.w.org\/{rel}","templated":true}]}}