{"id":1058,"date":"2024-04-15T14:00:38","date_gmt":"2024-04-15T12:00:38","guid":{"rendered":"http:\/\/festivalpalindrome.fr\/?page_id=1058"},"modified":"2026-02-12T14:52:18","modified_gmt":"2026-02-12T13:52:18","slug":"nos-partenaires","status":"publish","type":"page","link":"https:\/\/festivalpalindrome.fr\/?page_id=1058","title":{"rendered":"Nos partenaires"},"content":{"rendered":"\n<ul class=\"wp-block-list\">\n<li>Mairies de Laval, des Adrets, Saint-Mury et Saint Agn\u00e8s<\/li>\n\n\n\n<li>Communaut\u00e9 de communes Le Gr\u00e9sivaudan<\/li>\n\n\n\n<li>D\u00e9partement de l\u2019Is\u00e8re<\/li>\n\n\n\n<li>R\u00e9gion Auvergne Rh\u00f4ne Alpes<\/li>\n\n\n\n<li>Fond pour le D\u00e9veloppement de la Vie Associative<\/li>\n\n\n\n<li>CAF de l\u2019Is\u00e8re<\/li>\n\n\n\n<li>Entreprise Midali Fr\u00e8res<\/li>\n\n\n\n<li> Groupe DEGAUD-AGATE-SETIS <\/li>\n\n\n\n<li>STPG Soci\u00e9t\u00e9 de Travaux Publics du Gr\u00e9sivaudan<\/li>\n\n\n\n<li>Reynaud Charpente<\/li>\n\n\n\n<li>CFP Plomberie<\/li>\n<\/ul>\n\n\n\n<div class=\"wp-block-columns is-layout-flex wp-container-core-columns-is-layout-9d6595d7 wp-block-columns-is-layout-flex\">\n<div class=\"wp-block-column is-layout-flow wp-block-column-is-layout-flow\">\n<figure class=\"wp-block-image size-full\"><img loading=\"lazy\" decoding=\"async\" width=\"787\" height=\"480\" src=\"http:\/\/festivalpalindrome.fr\/wp-content\/uploads\/2026\/02\/Capture-decran-2025-04-30-143541.png\" alt=\"\" class=\"wp-image-1728\" srcset=\"https:\/\/festivalpalindrome.fr\/wp-content\/uploads\/2026\/02\/Capture-decran-2025-04-30-143541.png 787w, https:\/\/festivalpalindrome.fr\/wp-content\/uploads\/2026\/02\/Capture-decran-2025-04-30-143541-300x183.png 300w, https:\/\/festivalpalindrome.fr\/wp-content\/uploads\/2026\/02\/Capture-decran-2025-04-30-143541-768x468.png 768w\" sizes=\"auto, (max-width: 767px) 89vw, (max-width: 1000px) 54vw, (max-width: 1071px) 543px, 580px\" \/><\/figure>\n<\/div>\n\n\n\n<div class=\"wp-block-column is-layout-flow wp-block-column-is-layout-flow\">\n<figure class=\"wp-block-image size-large\"><img loading=\"lazy\" decoding=\"async\" width=\"1024\" height=\"580\" src=\"http:\/\/festivalpalindrome.fr\/wp-content\/uploads\/2026\/02\/1200x680_logo-ara-rvb_bleu2-1-1024x580.jpg\" alt=\"\" class=\"wp-image-1725\" srcset=\"https:\/\/festivalpalindrome.fr\/wp-content\/uploads\/2026\/02\/1200x680_logo-ara-rvb_bleu2-1-1024x580.jpg 1024w, https:\/\/festivalpalindrome.fr\/wp-content\/uploads\/2026\/02\/1200x680_logo-ara-rvb_bleu2-1-300x170.jpg 300w, https:\/\/festivalpalindrome.fr\/wp-content\/uploads\/2026\/02\/1200x680_logo-ara-rvb_bleu2-1-768x435.jpg 768w, https:\/\/festivalpalindrome.fr\/wp-content\/uploads\/2026\/02\/1200x680_logo-ara-rvb_bleu2-1.jpg 1200w\" sizes=\"auto, (max-width: 767px) 89vw, (max-width: 1000px) 54vw, (max-width: 1071px) 543px, 580px\" \/><\/figure>\n<\/div>\n\n\n\n<div class=\"wp-block-column is-layout-flow wp-block-column-is-layout-flow\">\n<figure class=\"wp-block-image size-full\"><img loading=\"lazy\" decoding=\"async\" width=\"256\" height=\"148\" src=\"http:\/\/festivalpalindrome.fr\/wp-content\/uploads\/2026\/02\/telechargement-1.png\" alt=\"\" class=\"wp-image-1739\"\/><\/figure>\n<\/div>\n<\/div>\n\n\n\n<div class=\"wp-block-columns is-layout-flex wp-container-core-columns-is-layout-9d6595d7 wp-block-columns-is-layout-flex\">\n<div class=\"wp-block-column is-layout-flow wp-block-column-is-layout-flow\"><div class=\"wp-block-image\">\n<figure class=\"aligncenter size-full\"><img loading=\"lazy\" decoding=\"async\" width=\"205\" height=\"70\" src=\"http:\/\/festivalpalindrome.fr\/wp-content\/uploads\/2026\/02\/CCLG.png\" alt=\"\" class=\"wp-image-1729\"\/><\/figure><\/div><\/div>\n\n\n\n<div class=\"wp-block-column is-layout-flow wp-block-column-is-layout-flow\"><div class=\"wp-block-image\">\n<figure class=\"aligncenter size-full\"><img loading=\"lazy\" decoding=\"async\" width=\"800\" height=\"250\" src=\"http:\/\/festivalpalindrome.fr\/wp-content\/uploads\/2026\/02\/mairie_laval_logo_2021.png\" alt=\"\" class=\"wp-image-1734\" srcset=\"https:\/\/festivalpalindrome.fr\/wp-content\/uploads\/2026\/02\/mairie_laval_logo_2021.png 800w, https:\/\/festivalpalindrome.fr\/wp-content\/uploads\/2026\/02\/mairie_laval_logo_2021-300x94.png 300w, https:\/\/festivalpalindrome.fr\/wp-content\/uploads\/2026\/02\/mairie_laval_logo_2021-768x240.png 768w\" sizes=\"auto, (max-width: 767px) 89vw, (max-width: 1000px) 54vw, (max-width: 1071px) 543px, 580px\" \/><\/figure><\/div><\/div>\n\n\n\n<div class=\"wp-block-column is-vertically-aligned-center is-layout-flow wp-block-column-is-layout-flow\"><div class=\"wp-block-image\">\n<figure class=\"aligncenter size-full is-resized\"><img loading=\"lazy\" decoding=\"async\" width=\"1024\" height=\"596\" src=\"http:\/\/festivalpalindrome.fr\/wp-content\/uploads\/2026\/02\/Logo-SA.jpg\" alt=\"\" class=\"wp-image-1742\" style=\"width:132px\" srcset=\"https:\/\/festivalpalindrome.fr\/wp-content\/uploads\/2026\/02\/Logo-SA.jpg 1024w, https:\/\/festivalpalindrome.fr\/wp-content\/uploads\/2026\/02\/Logo-SA-300x175.jpg 300w, https:\/\/festivalpalindrome.fr\/wp-content\/uploads\/2026\/02\/Logo-SA-768x447.jpg 768w\" sizes=\"auto, (max-width: 767px) 89vw, (max-width: 1000px) 54vw, (max-width: 1071px) 543px, 580px\" \/><\/figure><\/div><\/div>\n<\/div>\n\n\n\n<div class=\"wp-block-columns is-layout-flex wp-container-core-columns-is-layout-9d6595d7 wp-block-columns-is-layout-flex\">\n<div class=\"wp-block-column is-vertically-aligned-top is-layout-flow wp-block-column-is-layout-flow\"><div class=\"wp-block-image\">\n<figure class=\"aligncenter size-full is-resized\"><img loading=\"lazy\" decoding=\"async\" width=\"425\" height=\"425\" src=\"http:\/\/festivalpalindrome.fr\/wp-content\/uploads\/2026\/02\/LesAdretsEnBelledonne-Logo-LoRes-RVB.jpg\" alt=\"\" class=\"wp-image-1730\" style=\"width:120px\" srcset=\"https:\/\/festivalpalindrome.fr\/wp-content\/uploads\/2026\/02\/LesAdretsEnBelledonne-Logo-LoRes-RVB.jpg 425w, https:\/\/festivalpalindrome.fr\/wp-content\/uploads\/2026\/02\/LesAdretsEnBelledonne-Logo-LoRes-RVB-300x300.jpg 300w, https:\/\/festivalpalindrome.fr\/wp-content\/uploads\/2026\/02\/LesAdretsEnBelledonne-Logo-LoRes-RVB-150x150.jpg 150w, https:\/\/festivalpalindrome.fr\/wp-content\/uploads\/2026\/02\/LesAdretsEnBelledonne-Logo-LoRes-RVB-100x100.jpg 100w\" sizes=\"auto, (max-width: 425px) 100vw, 425px\" \/><\/figure><\/div><\/div>\n\n\n\n<div class=\"wp-block-column is-layout-flow wp-block-column-is-layout-flow\"><div class=\"wp-block-image\">\n<figure class=\"aligncenter size-full is-resized\"><img loading=\"lazy\" decoding=\"async\" width=\"165\" height=\"165\" src=\"http:\/\/festivalpalindrome.fr\/wp-content\/uploads\/2026\/02\/38430_b.png\" alt=\"\" class=\"wp-image-1726\" style=\"width:115px;height:auto\" srcset=\"https:\/\/festivalpalindrome.fr\/wp-content\/uploads\/2026\/02\/38430_b.png 165w, https:\/\/festivalpalindrome.fr\/wp-content\/uploads\/2026\/02\/38430_b-150x150.png 150w, https:\/\/festivalpalindrome.fr\/wp-content\/uploads\/2026\/02\/38430_b-100x100.png 100w\" sizes=\"auto, (max-width: 165px) 100vw, 165px\" \/><\/figure><\/div><\/div>\n\n\n\n<div class=\"wp-block-column is-layout-flow wp-block-column-is-layout-flow\"><div class=\"wp-block-image\">\n<figure class=\"aligncenter size-full is-resized\"><img loading=\"lazy\" decoding=\"async\" width=\"500\" height=\"500\" src=\"http:\/\/festivalpalindrome.fr\/wp-content\/uploads\/2026\/02\/LOGOMJC.png\" alt=\"\" class=\"wp-image-1733\" style=\"width:147px;height:auto\" srcset=\"https:\/\/festivalpalindrome.fr\/wp-content\/uploads\/2026\/02\/LOGOMJC.png 500w, https:\/\/festivalpalindrome.fr\/wp-content\/uploads\/2026\/02\/LOGOMJC-300x300.png 300w, https:\/\/festivalpalindrome.fr\/wp-content\/uploads\/2026\/02\/LOGOMJC-150x150.png 150w, https:\/\/festivalpalindrome.fr\/wp-content\/uploads\/2026\/02\/LOGOMJC-100x100.png 100w\" sizes=\"auto, (max-width: 500px) 100vw, 500px\" \/><\/figure><\/div><\/div>\n<\/div>\n\n\n\n<div class=\"wp-block-columns is-layout-flex wp-container-core-columns-is-layout-9d6595d7 wp-block-columns-is-layout-flex\">\n<div class=\"wp-block-column is-layout-flow wp-block-column-is-layout-flow\"><div class=\"wp-block-image\">\n<figure class=\"aligncenter size-full is-resized\"><img loading=\"lazy\" decoding=\"async\" width=\"500\" height=\"500\" src=\"http:\/\/festivalpalindrome.fr\/wp-content\/uploads\/2026\/02\/MJC-Crolles.png\" alt=\"\" class=\"wp-image-1736\" style=\"width:125px;height:auto\" srcset=\"https:\/\/festivalpalindrome.fr\/wp-content\/uploads\/2026\/02\/MJC-Crolles.png 500w, https:\/\/festivalpalindrome.fr\/wp-content\/uploads\/2026\/02\/MJC-Crolles-300x300.png 300w, https:\/\/festivalpalindrome.fr\/wp-content\/uploads\/2026\/02\/MJC-Crolles-150x150.png 150w, https:\/\/festivalpalindrome.fr\/wp-content\/uploads\/2026\/02\/MJC-Crolles-100x100.png 100w\" sizes=\"auto, (max-width: 500px) 100vw, 500px\" \/><\/figure><\/div><\/div>\n\n\n\n<div class=\"wp-block-column is-layout-flow wp-block-column-is-layout-flow\"><div class=\"wp-block-image\">\n<figure class=\"aligncenter size-full is-resized\"><img loading=\"lazy\" decoding=\"async\" width=\"227\" height=\"222\" src=\"http:\/\/festivalpalindrome.fr\/wp-content\/uploads\/2026\/02\/telechargement.png\" alt=\"\" class=\"wp-image-1740\" style=\"width:97px;height:auto\"\/><\/figure><\/div><\/div>\n\n\n\n<div class=\"wp-block-column is-layout-flow wp-block-column-is-layout-flow\"><div class=\"wp-block-image\">\n<figure class=\"aligncenter size-full is-resized\"><img loading=\"lazy\" decoding=\"async\" width=\"1000\" height=\"983\" src=\"http:\/\/festivalpalindrome.fr\/wp-content\/uploads\/2026\/02\/Midali-Logo-Web-transparent-comp.png\" alt=\"\" class=\"wp-image-1735\" style=\"width:108px;height:auto\" srcset=\"https:\/\/festivalpalindrome.fr\/wp-content\/uploads\/2026\/02\/Midali-Logo-Web-transparent-comp.png 1000w, https:\/\/festivalpalindrome.fr\/wp-content\/uploads\/2026\/02\/Midali-Logo-Web-transparent-comp-300x295.png 300w, https:\/\/festivalpalindrome.fr\/wp-content\/uploads\/2026\/02\/Midali-Logo-Web-transparent-comp-768x755.png 768w\" sizes=\"auto, (max-width: 767px) 89vw, (max-width: 1000px) 54vw, (max-width: 1071px) 543px, 580px\" \/><\/figure><\/div><\/div>\n<\/div>\n\n\n\n<div class=\"wp-block-columns is-layout-flex wp-container-core-columns-is-layout-9d6595d7 wp-block-columns-is-layout-flex\">\n<div class=\"wp-block-column is-layout-flow wp-block-column-is-layout-flow\"><div class=\"wp-block-image\">\n<figure class=\"aligncenter size-full is-resized\"><img loading=\"lazy\" decoding=\"async\" width=\"574\" height=\"136\" src=\"http:\/\/festivalpalindrome.fr\/wp-content\/uploads\/2026\/02\/Agate.png\" alt=\"\" class=\"wp-image-1727\" style=\"width:148px;height:auto\" srcset=\"https:\/\/festivalpalindrome.fr\/wp-content\/uploads\/2026\/02\/Agate.png 574w, https:\/\/festivalpalindrome.fr\/wp-content\/uploads\/2026\/02\/Agate-300x71.png 300w\" sizes=\"auto, (max-width: 574px) 100vw, 574px\" \/><\/figure><\/div>\n\n<div class=\"wp-block-image\">\n<figure class=\"aligncenter size-full is-resized\"><img loading=\"lazy\" decoding=\"async\" width=\"573\" height=\"135\" src=\"http:\/\/festivalpalindrome.fr\/wp-content\/uploads\/2026\/02\/Setis.png\" alt=\"\" class=\"wp-image-1737\" style=\"width:149px;height:auto\" srcset=\"https:\/\/festivalpalindrome.fr\/wp-content\/uploads\/2026\/02\/Setis.png 573w, https:\/\/festivalpalindrome.fr\/wp-content\/uploads\/2026\/02\/Setis-300x71.png 300w\" sizes=\"auto, (max-width: 573px) 100vw, 573px\" \/><\/figure><\/div><\/div>\n\n\n\n<div class=\"wp-block-column is-layout-flow wp-block-column-is-layout-flow\"><div class=\"wp-block-image\">\n<figure class=\"aligncenter size-full is-resized\"><img loading=\"lazy\" decoding=\"async\" width=\"360\" height=\"200\" src=\"http:\/\/festivalpalindrome.fr\/wp-content\/uploads\/2026\/02\/stpg.png\" alt=\"\" class=\"wp-image-1738\" style=\"width:146px;height:auto\" srcset=\"https:\/\/festivalpalindrome.fr\/wp-content\/uploads\/2026\/02\/stpg.png 360w, https:\/\/festivalpalindrome.fr\/wp-content\/uploads\/2026\/02\/stpg-300x167.png 300w\" sizes=\"auto, (max-width: 360px) 100vw, 360px\" \/><\/figure><\/div><\/div>\n\n\n\n<div class=\"wp-block-column is-layout-flow wp-block-column-is-layout-flow\"><div class=\"wp-block-image\">\n<figure class=\"aligncenter size-large is-resized\"><img loading=\"lazy\" decoding=\"async\" width=\"1024\" height=\"1024\" src=\"http:\/\/festivalpalindrome.fr\/wp-content\/uploads\/2026\/02\/logo-newbis-1024x1024.png\" alt=\"\" class=\"wp-image-1743\" style=\"width:108px;height:auto\" srcset=\"https:\/\/festivalpalindrome.fr\/wp-content\/uploads\/2026\/02\/logo-newbis-1024x1024.png 1024w, https:\/\/festivalpalindrome.fr\/wp-content\/uploads\/2026\/02\/logo-newbis-300x300.png 300w, https:\/\/festivalpalindrome.fr\/wp-content\/uploads\/2026\/02\/logo-newbis-150x150.png 150w, https:\/\/festivalpalindrome.fr\/wp-content\/uploads\/2026\/02\/logo-newbis-768x768.png 768w, https:\/\/festivalpalindrome.fr\/wp-content\/uploads\/2026\/02\/logo-newbis-1536x1536.png 1536w, https:\/\/festivalpalindrome.fr\/wp-content\/uploads\/2026\/02\/logo-newbis-2048x2048.png 2048w, https:\/\/festivalpalindrome.fr\/wp-content\/uploads\/2026\/02\/logo-newbis-100x100.png 100w\" sizes=\"auto, (max-width: 767px) 89vw, (max-width: 1000px) 54vw, (max-width: 1071px) 543px, 580px\" \/><\/figure><\/div><\/div>\n<\/div>\n\n\n\n<p><\/p>\n","protected":false},"excerpt":{"rendered":"","protected":false},"author":1,"featured_media":0,"parent":0,"menu_order":0,"comment_status":"closed","ping_status":"closed","template":"","meta":{"footnotes":""},"class_list":["post-1058","page","type-page","status-publish","hentry"],"_links":{"self":[{"href":"https:\/\/festivalpalindrome.fr\/index.php?rest_route=\/wp\/v2\/pages\/1058","targetHints":{"allow":["GET"]}}],"collection":[{"href":"https:\/\/festivalpalindrome.fr\/index.php?rest_route=\/wp\/v2\/pages"}],"about":[{"href":"https:\/\/festivalpalindrome.fr\/index.php?rest_route=\/wp\/v2\/types\/page"}],"author":[{"embeddable":true,"href":"https:\/\/festivalpalindrome.fr\/index.php?rest_route=\/wp\/v2\/users\/1"}],"replies":[{"embeddable":true,"href":"https:\/\/festivalpalindrome.fr\/index.php?rest_route=%2Fwp%2Fv2%2Fcomments&post=1058"}],"version-history":[{"count":8,"href":"https:\/\/festivalpalindrome.fr\/index.php?rest_route=\/wp\/v2\/pages\/1058\/revisions"}],"predecessor-version":[{"id":1745,"href":"https:\/\/festivalpalindrome.fr\/index.php?rest_route=\/wp\/v2\/pages\/1058\/revisions\/1745"}],"wp:attachment":[{"href":"https:\/\/festivalpalindrome.fr\/index.php?rest_route=%2Fwp%2Fv2%2Fmedia&parent=1058"}],"curies":[{"name":"wp","href":"https:\/\/api.w.org\/{rel}","templated":true}]}}